{"id":7533,"date":"2015-05-27T00:32:39","date_gmt":"2015-05-27T03:32:39","guid":{"rendered":"http:\/\/s11396.p20.sites.pressdns.com\/?page_id=6493"},"modified":"2023-01-03T10:43:23","modified_gmt":"2023-01-03T13:43:23","slug":"unidade-v2","status":"publish","type":"page","link":"https:\/\/cross.animaker.com.br\/?page_id=7533","title":{"rendered":"Portal CROSS"},"content":{"rendered":"<div class=\"container section-title-container\" ><h3 class=\"section-title section-title-normal\"><b aria-hidden=\"true\"><\/b><span class=\"section-title-main\" >CENTRAL DE REGULA\u00c7\u00c3O DE OFERTAS DE SERVI\u00c7OS DE SA\u00daDE -CROSS<\/span><b aria-hidden=\"true\"><\/b><\/h3><\/div>\n<div class=\"row\"  id=\"row-855178864\">\n\n\t<div id=\"col-2137662153\" class=\"col small-12 large-12\"  >\n\t\t\t\t<div class=\"col-inner\"  >\n\t\t\t\n\t\t\t\n<p style=\"text-align: justify;\"><span style=\"font-weight: 400;\">A CROSS operacionaliza as a\u00e7\u00f5es de regula\u00e7\u00e3o, seguindo estritamente as diretrizes definidas pela Secretaria de Estado da Sa\u00fade de S\u00e3o Paulo (CRS\/SES-SP) e diretrizes das Portarias GM\/MS \u2013 399\/2006, GM\/MS n\u00ba 1559\/08 e GM\/MS n\u00ba 2048\/2002.<\/span><\/p>\n<p style=\"text-align: justify;\"><span style=\"font-weight: 400;\">Por meio da Delibera\u00e7\u00e3o CIB n\u00ba 06 de 08 de fevereiro de 2012, a Secretaria de Estado da Sa\u00fade estabeleceu as diretrizes para a Regula\u00e7\u00e3o da Assist\u00eancia no estado de S\u00e3o Paulo, definindo, assim, os pressupostos que nortearam, desde ent\u00e3o, o escopo das atividades da CROSS. Dentre as atividades final\u00edsticas, a\u00a0Regula\u00e7\u00e3o M\u00e9dica de Urg\u00eancias\u00a0e a\u00a0Regula\u00e7\u00e3o M\u00e9dica Ambulatorial.<\/span><\/p>\n<p style=\"text-align: justify;\"><span style=\"font-weight: 400;\">Importante destacar que a CROSS, n\u00e3o determina nenhuma pol\u00edtica de sa\u00fade, n\u00e3o contrata, define ou implanta novos servi\u00e7os.\u00a0<\/span><\/p>\n<div class=\"accordion\">\n\t<div id=\"accordion-2181702\" class=\"accordion-item\">\n\t\t<a id=\"accordion-2181702-label\" class=\"accordion-title plain\" href=\"#accordion-item-regula\u00e7\u00e3o-de-urg\u00eancias\" aria-expanded=\"false\" aria-controls=\"accordion-2181702-content\">\n\t\t\t<button class=\"toggle\" aria-label=\"Toggle\"><i class=\"icon-angle-down\" aria-hidden=\"true\"><\/i><\/button>\n\t\t\t<span>Regula\u00e7\u00e3o de Urg\u00eancias<\/span>\n\t\t<\/a>\n\t\t<div id=\"accordion-2181702-content\" class=\"accordion-inner\" aria-labelledby=\"accordion-2181702-label\">\n\t\t\t\n<p style=\"text-align: justify;\"><span style=\"font-weight: 400;\">A <\/span><b>Regula\u00e7\u00e3o M\u00e9dica de Urg\u00eancias<\/b><span style=\"font-weight: 400;\"> tem o objetivo de operacionalizar as a\u00e7\u00f5es de regula\u00e7\u00e3o segundo determina\u00e7\u00e3o, orienta\u00e7\u00e3o e normatiza\u00e7\u00e3o advindas do Grupo de Regula\u00e7\u00e3o da Coordenadoria de Regi\u00f5es de Sa\u00fade da Secretaria de Estado da Sa\u00fade de S\u00e3o Paulo (CRS\/SES-SP), conforme regras claras e bem definidas pelo Conselho Federal de Medicina e pela Portaria N\u00ba 1.559 de 01 de agosto de 2008 do Minist\u00e9rio da Sa\u00fade, que institui a Pol\u00edtica Nacional de Regula\u00e7\u00e3o do Sistema \u00danico de Sa\u00fade \u2013 SUS, implantada em todas as unidades federadas, respeitando-se as compet\u00eancias das tr\u00eas esferas de gest\u00e3o, como instrumento que possibilita a plenitude das responsabilidades sanit\u00e1rias assumidas pelas esferas de governo.<\/span><\/p>\n<p style=\"text-align: justify;\"><span style=\"font-weight: 400;\">A Regula\u00e7\u00e3o de Urg\u00eancias \u00e9 composta por uma equipe multiprofissional (m\u00e9dicos, enfermeiros e apoio administrativo) capacitada em regula\u00e7\u00e3o, que recepciona as solicita\u00e7\u00f5es de recursos inseridas no Sistema de Regula\u00e7\u00e3o do Estado de S\u00e3o Paulo &#8211; SIRESP, pelos estabelecimentos de sa\u00fade vinculados ao SUS, avalia a pertin\u00eancia da solicita\u00e7\u00e3o, classifica e prioriza as necessidades de assist\u00eancia, visando a busca do recurso solicitado no menor tempo poss\u00edvel.<\/span><\/p>\n<p style=\"text-align: justify;\"><span style=\"font-weight: 400;\">Os recursos solicitados podem ser, por exemplo, leitos de UTI, exames, procedimentos e avalia\u00e7\u00e3o em especialidades m\u00e9dicas.<\/span><\/p>\n<p style=\"text-align: justify;\"><span style=\"font-weight: 400;\">A CROSS realiza, portanto, o encaminhamento dos pacientes para os equipamentos hospitalares de cada regi\u00e3o de acordo com a necessidade do paciente, complexidade do caso e as pactua\u00e7\u00f5es expressas atrav\u00e9s de uma grade regional.\u00a0<\/span><\/p>\n<p style=\"text-align: justify;\"><span style=\"font-weight: 400;\">A exist\u00eancia dos recursos de sa\u00fade e a viabilidade das transfer\u00eancias dos pacientes n\u00e3o s\u00e3o de responsabilidade da Central de Regula\u00e7\u00e3o, cabendo \u00e0 CROSS apenas intermediar o contato e possibilitar, da forma mais r\u00e1pida poss\u00edvel, a busca organizada deste recurso, cuja disponibiliza\u00e7\u00e3o <\/span><span style=\"font-weight: 400;\">N\u00c3O \u00c9<\/span><span style=\"font-weight: 400;\"> de compet\u00eancia da CROSS e sim de cada unidade de sa\u00fade de refer\u00eancia. <\/span><\/p>\n\t\t<\/div>\n\t<\/div>\n\t\n\t<div id=\"accordion-2343414268\" class=\"accordion-item\">\n\t\t<a id=\"accordion-2343414268-label\" class=\"accordion-title plain\" href=\"#accordion-item-regula\u00e7\u00e3o-ambulatorial\" aria-expanded=\"false\" aria-controls=\"accordion-2343414268-content\">\n\t\t\t<button class=\"toggle\" aria-label=\"Toggle\"><i class=\"icon-angle-down\" aria-hidden=\"true\"><\/i><\/button>\n\t\t\t<span>Regula\u00e7\u00e3o Ambulatorial<\/span>\n\t\t<\/a>\n\t\t<div id=\"accordion-2343414268-content\" class=\"accordion-inner\" aria-labelledby=\"accordion-2343414268-label\">\n\t\t\t\n<p style=\"font-weight: 400; text-align: justify;\">A\u00a0<strong>Regula\u00e7\u00e3o M\u00e9dica Ambulatorial<\/strong>\u00a0tem o objetivo de operacionalizar as a\u00e7\u00f5es de regula\u00e7\u00e3o segundo determina\u00e7\u00e3o, orienta\u00e7\u00e3o e normatiza\u00e7\u00e3o advindas do Grupo de Regula\u00e7\u00e3o da Coordenadoria de Regi\u00f5es de Sa\u00fade da Secretaria de Estado da Sa\u00fade de S\u00e3o Paulo (CRS\/SES-SP).<\/p>\n<p style=\"font-weight: 400; text-align: justify;\">Composta por uma equipe multiprofissional (m\u00e9dicos, enfermeiros e apoio administrativo) capacitada em regula\u00e7\u00e3o ambulatorial, realiza a regula\u00e7\u00e3o e o agendamento das solicita\u00e7\u00f5es dos estabelecimentos de sa\u00fade vinculados ao SUS e seguintes recursos: consultas oncol\u00f3gicas, PET-CT, servi\u00e7os de reabilita\u00e7\u00e3o, exames de alta suspei\u00e7\u00e3o (colonoscopia), cateterismo, cirurgia cardiovascular (marca-passo) e cirurgia card\u00edaca de acordo com as diretrizes da Coordenadoria de Regi\u00f5es de Sa\u00fade da Secretaria de Estado da Sa\u00fade.<\/p>\n\t\t<\/div>\n\t<\/div>\n\t\n<\/div>\n\t\t<\/div>\n\t\t\t\t\t<\/div>\n\n\t\n<\/div>\n","protected":false},"excerpt":{"rendered":"","protected":false},"author":1,"featured_media":0,"parent":0,"menu_order":0,"comment_status":"closed","ping_status":"closed","template":"","meta":{"footnotes":""},"class_list":["post-7533","page","type-page","status-publish","hentry"],"_links":{"self":[{"href":"https:\/\/cross.animaker.com.br\/index.php?rest_route=\/wp\/v2\/pages\/7533","targetHints":{"allow":["GET"]}}],"collection":[{"href":"https:\/\/cross.animaker.com.br\/index.php?rest_route=\/wp\/v2\/pages"}],"about":[{"href":"https:\/\/cross.animaker.com.br\/index.php?rest_route=\/wp\/v2\/types\/page"}],"author":[{"embeddable":true,"href":"https:\/\/cross.animaker.com.br\/index.php?rest_route=\/wp\/v2\/users\/1"}],"replies":[{"embeddable":true,"href":"https:\/\/cross.animaker.com.br\/index.php?rest_route=%2Fwp%2Fv2%2Fcomments&post=7533"}],"version-history":[{"count":0,"href":"https:\/\/cross.animaker.com.br\/index.php?rest_route=\/wp\/v2\/pages\/7533\/revisions"}],"wp:attachment":[{"href":"https:\/\/cross.animaker.com.br\/index.php?rest_route=%2Fwp%2Fv2%2Fmedia&parent=7533"}],"curies":[{"name":"wp","href":"https:\/\/api.w.org\/{rel}","templated":true}]}}