{"id":7538,"date":"2015-06-03T19:35:19","date_gmt":"2015-06-03T22:35:19","guid":{"rendered":"http:\/\/s11396.p20.sites.pressdns.com\/?page_id=6571"},"modified":"2023-01-20T15:50:27","modified_gmt":"2023-01-20T18:50:27","slug":"gestao-ambiental-v2","status":"publish","type":"page","link":"https:\/\/cross.animaker.com.br\/?page_id=7538","title":{"rendered":"Gest\u00e3o Ambiental"},"content":{"rendered":"<div class=\"container section-title-container\" ><h3 class=\"section-title section-title-normal\"><b aria-hidden=\"true\"><\/b><span class=\"section-title-main\" >Gest\u00e3o Ambiental<\/span><b aria-hidden=\"true\"><\/b><\/h3><\/div>\n<div class=\"row\"  id=\"row-424332124\">\n\n\t<div id=\"col-1174936846\" class=\"col small-12 large-12\"  >\n\t\t\t\t<div class=\"col-inner\"  >\n\t\t\t\n\t\t\t\n<p style=\"text-align: justify;\"><span style=\"font-size: 75%;\"><button id=\"bb1\" type=\"button\" value=\"Play\" class=\"responsivevoice-button\" title=\"ResponsiveVoice Tap to Start\/Stop Speech\"><span>&#128266; Ouvir<\/span><\/button>\n        <script>\n            bb1.onclick = function(){\n                if(responsiveVoice.isPlaying()){\n                    responsiveVoice.cancel();\n                }else{\n                    responsiveVoice.speak(\"A pr\u00e1tica da gest\u00e3o ambiental permite a redu\u00e7\u00e3o de custos pela diminui\u00e7\u00e3o do desperd\u00edcio de mat\u00e9rias-primas e de recursos cada vez mais escassos e mais dispendiosos, como \u00e1gua e energia. A atua\u00e7\u00e3o da gest\u00e3o ambiental tem sido importante no descarte correto de materiais que possam causar danos ao meio ambiente e na redu\u00e7\u00e3o do uso de descart\u00e1veis e insumos. Na CROSS, a gest\u00e3o ambiental tem como objetivo promover uma maior compreens\u00e3o, organiza\u00e7\u00e3o e planejamento das a\u00e7\u00f5es junto aos colaboradores, visando reduzir os seus impactos no meio ambiente.\u00a0 \u00a0 Pensando nisso, s\u00e3o realizadas as seguintes medidas ambientais: Consumo racional de \u00e1gua e energia; Utiliza\u00e7\u00e3o de canecas de vidro; Processos com redu\u00e7\u00e3o de impress\u00f5es em papel; Descarte segregado de res\u00edduos recicl\u00e1veis e res\u00edduo comum.\", \"Brazilian Portuguese Female\");\n                }\n            };\n        <\/script>\n    <\/span>A pr\u00e1tica da gest\u00e3o ambiental permite a redu\u00e7\u00e3o de custos pela diminui\u00e7\u00e3o do desperd\u00edcio de mat\u00e9rias-primas e de recursos cada vez mais escassos e mais dispendiosos, como \u00e1gua e energia. A atua\u00e7\u00e3o da gest\u00e3o ambiental tem sido importante no descarte correto de materiais que possam causar danos ao meio ambiente e na redu\u00e7\u00e3o do uso de descart\u00e1veis e insumos.<\/p>\n<div style=\"text-align: justify;\">Na CROSS, a gest\u00e3o ambiental tem como objetivo promover uma maior compreens\u00e3o, organiza\u00e7\u00e3o e planejamento das a\u00e7\u00f5es junto aos colaboradores, visando reduzir os seus impactos no meio ambiente.\u00a0<\/div>\n<div style=\"text-align: justify;\">\u00a0<\/div>\n<div style=\"text-align: justify;\">Pensando nisso, s\u00e3o realizadas as seguintes medidas ambientais:<\/div>\n<ul>\n<li style=\"text-align: justify;\">Consumo racional de \u00e1gua e energia;<\/li>\n<li style=\"text-align: justify;\">Utiliza\u00e7\u00e3o de canecas de vidro;<\/li>\n<li style=\"text-align: justify;\">Processos com redu\u00e7\u00e3o de impress\u00f5es em papel;<\/li>\n<li style=\"text-align: justify;\">Descarte segregado de res\u00edduos recicl\u00e1veis e res\u00edduo comum.<\/li>\n<\/ul>\n\n<p style=\"text-align: justify;\">\u00a0<\/p>\n\t\t<\/div>\n\t\t\t\t\t<\/div>\n\n\t\n<\/div>\n","protected":false},"excerpt":{"rendered":"","protected":false},"author":1,"featured_media":0,"parent":0,"menu_order":0,"comment_status":"closed","ping_status":"closed","template":"","meta":{"footnotes":""},"class_list":["post-7538","page","type-page","status-publish","hentry"],"_links":{"self":[{"href":"https:\/\/cross.animaker.com.br\/index.php?rest_route=\/wp\/v2\/pages\/7538","targetHints":{"allow":["GET"]}}],"collection":[{"href":"https:\/\/cross.animaker.com.br\/index.php?rest_route=\/wp\/v2\/pages"}],"about":[{"href":"https:\/\/cross.animaker.com.br\/index.php?rest_route=\/wp\/v2\/types\/page"}],"author":[{"embeddable":true,"href":"https:\/\/cross.animaker.com.br\/index.php?rest_route=\/wp\/v2\/users\/1"}],"replies":[{"embeddable":true,"href":"https:\/\/cross.animaker.com.br\/index.php?rest_route=%2Fwp%2Fv2%2Fcomments&post=7538"}],"version-history":[{"count":0,"href":"https:\/\/cross.animaker.com.br\/index.php?rest_route=\/wp\/v2\/pages\/7538\/revisions"}],"wp:attachment":[{"href":"https:\/\/cross.animaker.com.br\/index.php?rest_route=%2Fwp%2Fv2%2Fmedia&parent=7538"}],"curies":[{"name":"wp","href":"https:\/\/api.w.org\/{rel}","templated":true}]}}