{"id":8053,"date":"2020-07-29T03:23:03","date_gmt":"2020-07-29T03:23:03","guid":{"rendered":"http:\/\/amejardimdosprados.spdmafiliadas.org.br\/?page_id=8053"},"modified":"2021-07-29T21:27:53","modified_gmt":"2021-07-30T00:27:53","slug":"manual-de-conformidade-administrativa-politicas-e-principios-de-integridade-2","status":"publish","type":"page","link":"https:\/\/cross.animaker.com.br\/?page_id=8053","title":{"rendered":"Manual de Conformidade Administrativa, Pol\u00edticas e Princ\u00edpios de Integridade"},"content":{"rendered":"<div class=\"container section-title-container\" ><h3 class=\"section-title section-title-normal\"><b aria-hidden=\"true\"><\/b><span class=\"section-title-main\" >Manual de Conformidade Administrativa, Pol\u00edticas e Princ\u00edpios de Integridade<\/span><b aria-hidden=\"true\"><\/b><\/h3><\/div>\n<div class=\"row row-small\"  id=\"row-1161539126\">\n\n\t<div id=\"col-1227430134\" class=\"col small-12 large-12\"  >\n\t\t\t\t<div class=\"col-inner\"  >\n\t\t\t\n\t\t\t\n<p><img loading=\"lazy\" decoding=\"async\" class=\"wp-image-8174 aligncenter\" src=\"https:\/\/cross.animaker.com.br\/wp-content\/uploads\/sites\/146\/2021\/07\/Manual_CAPPI_2018_WEB-1-565x800-1.jpeg\" alt=\"\" width=\"425\" height=\"602\" srcset=\"https:\/\/cross.animaker.com.br\/wp-content\/uploads\/sites\/146\/2021\/07\/Manual_CAPPI_2018_WEB-1-565x800-1.jpeg 565w, https:\/\/cross.animaker.com.br\/wp-content\/uploads\/sites\/146\/2021\/07\/Manual_CAPPI_2018_WEB-1-565x800-1-212x300.jpeg 212w\" sizes=\"auto, (max-width: 425px) 100vw, 425px\" \/><\/p>\n<div class=\"is-divider divider clearfix\" style=\"max-width:430px;\"><\/div>\n<div class=\"row\"  id=\"row-175465260\">\n\n\t<div id=\"col-1661672139\" class=\"col medium-4 small-12 large-4\"  >\n\t\t\t\t<div class=\"col-inner text-center\"  >\n\t\t\t\n\t\t\t\n\t<div class=\"img has-hover x md-x lg-x y md-y lg-y\" id=\"image_1637283369\">\n\t\t\t\t\t\t\t\t<div class=\"img-inner dark\" >\n\t\t\t<img loading=\"lazy\" decoding=\"async\" width=\"72\" height=\"144\" src=\"https:\/\/cross.animaker.com.br\/wp-content\/uploads\/sites\/146\/2021\/07\/2020.06-2.jpg\" class=\"attachment-original size-original\" alt=\"\" \/>\t\t\t\t\t\t\n\t\t\t\t\t<\/div>\n\t\t\t\t\t\t\t\t\n<style>\n#image_1637283369 {\n  width: 34%;\n}\n<\/style>\n\t<\/div>\n\t\n\t\t<\/div>\n\t\t\t\t\t<\/div>\n\n\t\n\n\t<div id=\"col-2008878645\" class=\"col medium-8 small-12 large-8\"  >\n\t\t\t\t<div class=\"col-inner\"  >\n\t\t\t\n\t\t\t\n<p style=\"text-align: justify\"><span style=\"font-weight: 400\">Tamb\u00e9m \u00e9 disponibilizado o aplicativo para smartphone com o Manual de Conformidade Administrativa, Pol\u00edticas e Princ\u00edpios de Integridade da SPDM. <\/span><\/p>\n<p style=\"text-align: justify\"><span style=\"font-weight: 400\">Este aplicativo possui links de acesso direto ao Canal de Den\u00fancias, por meio dos sites da SPDM.<\/span><\/p>\n\t\t<\/div>\n\t\t\t\t\t<\/div>\n\n\t\n<\/div>\n\t\t<\/div>\n\t\t\t\t\t<\/div>\n\n\t\n<\/div>\n<h5 class=\"uppercase\">Manual de conformidade &#8211; anima\u00e7\u00f5es<\/h5>\n<div class=\"row row-small row-dashed\"  id=\"row-676767949\">\n\n\t<div id=\"col-765620712\" class=\"col medium-4 small-12 large-4\"  >\n\t\t\t\t<div class=\"col-inner\"  >\n\t\t\t\n\t\t\t\n<p>Introdu\u00e7\u00e3o<div style=\"width: 600px;\" class=\"wp-video\"><video class=\"wp-video-shortcode\" id=\"video-8053-1\" width=\"600\" height=\"338\" preload=\"metadata\" controls=\"controls\"><source type=\"video\/mp4\" src=\"https:\/\/urh.spdmafiliadas.org.br\/wp-content\/uploads\/sites\/4\/2020\/09\/Manual-de-Conformidade-SPDM-Introduc\u0327a\u0303o-e-Abrange\u0302ncia-2.mp4?_=1\" \/><a href=\"https:\/\/urh.spdmafiliadas.org.br\/wp-content\/uploads\/sites\/4\/2020\/09\/Manual-de-Conformidade-SPDM-Introduc\u0327a\u0303o-e-Abrange\u0302ncia-2.mp4\">https:\/\/urh.spdmafiliadas.org.br\/wp-content\/uploads\/sites\/4\/2020\/09\/Manual-de-Conformidade-SPDM-Introduc\u0327a\u0303o-e-Abrange\u0302ncia-2.mp4<\/a><\/video><\/div>\n\t\t<\/div>\n\t\t\t\t\t<\/div>\n\n\t\n\n\t<div id=\"col-438924925\" class=\"col medium-4 small-12 large-4\"  >\n\t\t\t\t<div class=\"col-inner\"  >\n\t\t\t\n\t\t\t\n<p>Cap\u00edtulo 3 &#8211; Defini\u00e7\u00f5es | Conceitos<div style=\"width: 600px;\" class=\"wp-video\"><video class=\"wp-video-shortcode\" id=\"video-8053-2\" width=\"600\" height=\"338\" preload=\"metadata\" controls=\"controls\"><source type=\"video\/mp4\" src=\"https:\/\/urh.spdmafiliadas.org.br\/wp-content\/uploads\/sites\/4\/2020\/09\/Capitulo-3-Definicoes-e-Conceitos-1.mp4?_=2\" \/><a href=\"https:\/\/urh.spdmafiliadas.org.br\/wp-content\/uploads\/sites\/4\/2020\/09\/Capitulo-3-Definicoes-e-Conceitos-1.mp4\">https:\/\/urh.spdmafiliadas.org.br\/wp-content\/uploads\/sites\/4\/2020\/09\/Capitulo-3-Definicoes-e-Conceitos-1.mp4<\/a><\/video><\/div>\n\t\t<\/div>\n\t\t\t\t\t<\/div>\n\n\t\n\n\t<div id=\"col-693631318\" class=\"col medium-4 small-12 large-4\"  >\n\t\t\t\t<div class=\"col-inner\"  >\n\t\t\t\n\t\t\t\n<p>Cap\u00edtulo 4 &#8211; Diretrizes Legais<div style=\"width: 600px;\" class=\"wp-video\"><video class=\"wp-video-shortcode\" id=\"video-8053-3\" width=\"600\" height=\"338\" preload=\"metadata\" controls=\"controls\"><source type=\"video\/mp4\" src=\"https:\/\/urh.spdmafiliadas.org.br\/wp-content\/uploads\/sites\/4\/2020\/09\/Capitulo-4-Diretrizes-Legais-1.mp4?_=3\" \/><a href=\"https:\/\/urh.spdmafiliadas.org.br\/wp-content\/uploads\/sites\/4\/2020\/09\/Capitulo-4-Diretrizes-Legais-1.mp4\">https:\/\/urh.spdmafiliadas.org.br\/wp-content\/uploads\/sites\/4\/2020\/09\/Capitulo-4-Diretrizes-Legais-1.mp4<\/a><\/video><\/div>\n\t\t<\/div>\n\t\t\t\t\t<\/div>\n\n\t\n\n\t<div id=\"col-1810608901\" class=\"col medium-4 small-12 large-4\"  >\n\t\t\t\t<div class=\"col-inner\"  >\n\t\t\t\n\t\t\t\n<p>Cap\u00edtulo 5 &#8211; Da Governan\u00e7a Corporativa<div style=\"width: 600px;\" class=\"wp-video\"><video class=\"wp-video-shortcode\" id=\"video-8053-4\" width=\"600\" height=\"338\" preload=\"metadata\" controls=\"controls\"><source type=\"video\/mp4\" src=\"https:\/\/urh.spdmafiliadas.org.br\/wp-content\/uploads\/sites\/4\/2020\/09\/Capitulo-5-Governanca-corporativa.mp4?_=4\" \/><a href=\"https:\/\/urh.spdmafiliadas.org.br\/wp-content\/uploads\/sites\/4\/2020\/09\/Capitulo-5-Governanca-corporativa.mp4\">https:\/\/urh.spdmafiliadas.org.br\/wp-content\/uploads\/sites\/4\/2020\/09\/Capitulo-5-Governanca-corporativa.mp4<\/a><\/video><\/div>\n\t\t<\/div>\n\t\t\t\t\t<\/div>\n\n\t\n\n\t<div id=\"col-1428836585\" class=\"col medium-4 small-12 large-4\"  >\n\t\t\t\t<div class=\"col-inner\"  >\n\t\t\t\n\t\t\t\n<p>Cap\u00edtulo 6 &#8211; Pol\u00edtica de Preven\u00e7\u00e3o e Detec\u00e7\u00e3o de Atos de Natureza Il\u00edcita<div style=\"width: 600px;\" class=\"wp-video\"><video class=\"wp-video-shortcode\" id=\"video-8053-5\" width=\"600\" height=\"338\" preload=\"metadata\" controls=\"controls\"><source type=\"video\/mp4\" src=\"https:\/\/urh.spdmafiliadas.org.br\/wp-content\/uploads\/sites\/4\/2020\/09\/Capi\u0301tulo-6-Politicas-de-Prevenc\u0327a\u0303o-e-Detecc\u0327a\u0303o-de-Atos-de-Natureza-Ilicita.mp4?_=5\" \/><a href=\"https:\/\/urh.spdmafiliadas.org.br\/wp-content\/uploads\/sites\/4\/2020\/09\/Capi\u0301tulo-6-Politicas-de-Prevenc\u0327a\u0303o-e-Detecc\u0327a\u0303o-de-Atos-de-Natureza-Ilicita.mp4\">https:\/\/urh.spdmafiliadas.org.br\/wp-content\/uploads\/sites\/4\/2020\/09\/Capi\u0301tulo-6-Politicas-de-Prevenc\u0327a\u0303o-e-Detecc\u0327a\u0303o-de-Atos-de-Natureza-Ilicita.mp4<\/a><\/video><\/div>\n\t\t<\/div>\n\t\t\t\t\t<\/div>\n\n\t\n\n\t<div id=\"col-42800377\" class=\"col medium-4 small-12 large-4\"  >\n\t\t\t\t<div class=\"col-inner\"  >\n\t\t\t\n\t\t\t\n<p>Cap\u00edtulo 7 &#8211; Regras e Procedimentos | Na Conduta Pessoal<div style=\"width: 600px;\" class=\"wp-video\"><video class=\"wp-video-shortcode\" id=\"video-8053-6\" width=\"600\" height=\"338\" preload=\"metadata\" controls=\"controls\"><source type=\"video\/mp4\" src=\"https:\/\/urh.spdmafiliadas.org.br\/wp-content\/uploads\/sites\/4\/2020\/09\/CAP-7.1-Manual-Conduta-pessoal.mp4?_=6\" \/><a href=\"https:\/\/urh.spdmafiliadas.org.br\/wp-content\/uploads\/sites\/4\/2020\/09\/CAP-7.1-Manual-Conduta-pessoal.mp4\">https:\/\/urh.spdmafiliadas.org.br\/wp-content\/uploads\/sites\/4\/2020\/09\/CAP-7.1-Manual-Conduta-pessoal.mp4<\/a><\/video><\/div>\n\t\t<\/div>\n\t\t\t\t\t<\/div>\n\n\t\n<\/div>\n<div class=\"row row-small row-dashed\"  id=\"row-1491001639\">\n\n\t<div id=\"col-1284374548\" class=\"col medium-4 small-12 large-4\"  >\n\t\t\t\t<div class=\"col-inner\"  >\n\t\t\t\n\t\t\t\n<p>Cap\u00edtulo 7 &#8211; No Relacionamento com Funcion\u00e1rios<div style=\"width: 600px;\" class=\"wp-video\"><video class=\"wp-video-shortcode\" id=\"video-8053-7\" width=\"600\" height=\"338\" preload=\"metadata\" controls=\"controls\"><source type=\"video\/mp4\" src=\"https:\/\/urh.spdmafiliadas.org.br\/wp-content\/uploads\/sites\/4\/2020\/09\/Capitulo-7.2-Relacionamento-com-Funcionarios.mp4?_=7\" \/><a href=\"https:\/\/urh.spdmafiliadas.org.br\/wp-content\/uploads\/sites\/4\/2020\/09\/Capitulo-7.2-Relacionamento-com-Funcionarios.mp4\">https:\/\/urh.spdmafiliadas.org.br\/wp-content\/uploads\/sites\/4\/2020\/09\/Capitulo-7.2-Relacionamento-com-Funcionarios.mp4<\/a><\/video><\/div>\n\t\t<\/div>\n\t\t\t\t\t<\/div>\n\n\t\n\n\t<div id=\"col-1974500483\" class=\"col medium-4 small-12 large-4\"  >\n\t\t\t\t<div class=\"col-inner\"  >\n\t\t\t\n\t\t\t\n<p>Cap\u00edtulo 7 &#8211; Regras e Procedimentos | Nas Rela\u00e7\u00f5es Interpessoais<div style=\"width: 600px;\" class=\"wp-video\"><video class=\"wp-video-shortcode\" id=\"video-8053-8\" width=\"600\" height=\"338\" preload=\"metadata\" controls=\"controls\"><source type=\"video\/mp4\" src=\"https:\/\/urh.spdmafiliadas.org.br\/wp-content\/uploads\/sites\/4\/2020\/09\/Capitulo-7.3-Nas-relacoes-interpessoais.mp4?_=8\" \/><a href=\"https:\/\/urh.spdmafiliadas.org.br\/wp-content\/uploads\/sites\/4\/2020\/09\/Capitulo-7.3-Nas-relacoes-interpessoais.mp4\">https:\/\/urh.spdmafiliadas.org.br\/wp-content\/uploads\/sites\/4\/2020\/09\/Capitulo-7.3-Nas-relacoes-interpessoais.mp4<\/a><\/video><\/div>\n\t\t<\/div>\n\t\t\t\t\t<\/div>\n\n\t\n\n\t<div id=\"col-678918486\" class=\"col medium-4 small-12 large-4\"  >\n\t\t\t\t<div class=\"col-inner\"  >\n\t\t\t\n\t\t\t\n<p>Cap\u00edtulo 7 &#8211; Regras e Procedimentos | Nas Rela\u00e7\u00f5es com Fornecedores e Prestadores<div style=\"width: 600px;\" class=\"wp-video\"><video class=\"wp-video-shortcode\" id=\"video-8053-9\" width=\"600\" height=\"338\" preload=\"metadata\" controls=\"controls\"><source type=\"video\/mp4\" src=\"https:\/\/urh.spdmafiliadas.org.br\/wp-content\/uploads\/sites\/4\/2020\/09\/Capitulo-7.4-Relacoes-com-fornecedores-e-prestadores-de-servicos-.mp4?_=9\" \/><a href=\"https:\/\/urh.spdmafiliadas.org.br\/wp-content\/uploads\/sites\/4\/2020\/09\/Capitulo-7.4-Relacoes-com-fornecedores-e-prestadores-de-servicos-.mp4\">https:\/\/urh.spdmafiliadas.org.br\/wp-content\/uploads\/sites\/4\/2020\/09\/Capitulo-7.4-Relacoes-com-fornecedores-e-prestadores-de-servicos-.mp4<\/a><\/video><\/div>\n\t\t<\/div>\n\t\t\t\t\t<\/div>\n\n\t\n\n\t<div id=\"col-1941155463\" class=\"col medium-4 small-12 large-4\"  >\n\t\t\t\t<div class=\"col-inner\"  >\n\t\t\t\n\t\t\t\n<p>Cap\u00edtulo 7 &#8211; Regras e Procedimentos | Nas Rela\u00e7\u00f5es com Parceiros Comerciais e Concorrentes<div style=\"width: 600px;\" class=\"wp-video\"><video class=\"wp-video-shortcode\" id=\"video-8053-10\" width=\"600\" height=\"338\" preload=\"metadata\" controls=\"controls\"><source type=\"video\/mp4\" src=\"https:\/\/urh.spdmafiliadas.org.br\/wp-content\/uploads\/sites\/4\/2020\/09\/Capitulo-7.5-Relacoes-com-Parceiros-Comerciais-e-Concorrentes.mp4?_=10\" \/><a href=\"https:\/\/urh.spdmafiliadas.org.br\/wp-content\/uploads\/sites\/4\/2020\/09\/Capitulo-7.5-Relacoes-com-Parceiros-Comerciais-e-Concorrentes.mp4\">https:\/\/urh.spdmafiliadas.org.br\/wp-content\/uploads\/sites\/4\/2020\/09\/Capitulo-7.5-Relacoes-com-Parceiros-Comerciais-e-Concorrentes.mp4<\/a><\/video><\/div>\n\t\t<\/div>\n\t\t\t\t\t<\/div>\n\n\t\n\n\t<div id=\"col-1994258319\" class=\"col medium-4 small-12 large-4\"  >\n\t\t\t\t<div class=\"col-inner\"  >\n\t\t\t\n\t\t\t\n<p>Cap\u00edtulo 7 &#8211; Regras e Procedimentos | Livros e Registros<div style=\"width: 600px;\" class=\"wp-video\"><video class=\"wp-video-shortcode\" id=\"video-8053-11\" width=\"600\" height=\"338\" preload=\"metadata\" controls=\"controls\"><source type=\"video\/mp4\" src=\"https:\/\/urh.spdmafiliadas.org.br\/wp-content\/uploads\/sites\/4\/2020\/09\/Capi\u0301tulo-7.6-Regras-e-Procedimentos-Livros-e-Registros.mp4?_=11\" \/><a href=\"https:\/\/urh.spdmafiliadas.org.br\/wp-content\/uploads\/sites\/4\/2020\/09\/Capi\u0301tulo-7.6-Regras-e-Procedimentos-Livros-e-Registros.mp4\">https:\/\/urh.spdmafiliadas.org.br\/wp-content\/uploads\/sites\/4\/2020\/09\/Capi\u0301tulo-7.6-Regras-e-Procedimentos-Livros-e-Registros.mp4<\/a><\/video><\/div>\n\t\t<\/div>\n\t\t\t\t\t<\/div>\n\n\t\n\n\t<div id=\"col-67458237\" class=\"col medium-4 small-12 large-4\"  >\n\t\t\t\t<div class=\"col-inner\"  >\n\t\t\t\n\t\t\t\n<p>Cap\u00edtulo 7 &#8211; Regras e Procedimentos | Nas Rela\u00e7\u00f5es com Entes Governamentais e Representantes de Classe<div style=\"width: 600px;\" class=\"wp-video\"><video class=\"wp-video-shortcode\" id=\"video-8053-12\" width=\"600\" height=\"338\" preload=\"metadata\" controls=\"controls\"><source type=\"video\/mp4\" src=\"https:\/\/urh.spdmafiliadas.org.br\/wp-content\/uploads\/sites\/4\/2020\/09\/Capi\u0301tulo-7.7-Regras-e-Procedimentos-Relac\u0327o\u0303es-com-Entes-Governamentais-e-Representantes-de-Classe.mp4?_=12\" \/><a href=\"https:\/\/urh.spdmafiliadas.org.br\/wp-content\/uploads\/sites\/4\/2020\/09\/Capi\u0301tulo-7.7-Regras-e-Procedimentos-Relac\u0327o\u0303es-com-Entes-Governamentais-e-Representantes-de-Classe.mp4\">https:\/\/urh.spdmafiliadas.org.br\/wp-content\/uploads\/sites\/4\/2020\/09\/Capi\u0301tulo-7.7-Regras-e-Procedimentos-Relac\u0327o\u0303es-com-Entes-Governamentais-e-Representantes-de-Classe.mp4<\/a><\/video><\/div>\n\t\t<\/div>\n\t\t\t\t\t<\/div>\n\n\t\n<\/div>\n<div class=\"row row-dashed\"  id=\"row-1529926860\">\n\n\t<div id=\"col-111248844\" class=\"col medium-4 small-12 large-4\"  >\n\t\t\t\t<div class=\"col-inner\"  >\n\t\t\t\n\t\t\t\n<p>Cap\u00edtulo 7 &#8211; Regras e Procedimentos | Seguran\u00e7a Ocupacional e Meio Ambiente<div style=\"width: 600px;\" class=\"wp-video\"><video class=\"wp-video-shortcode\" id=\"video-8053-13\" width=\"600\" height=\"338\" preload=\"metadata\" controls=\"controls\"><source type=\"video\/mp4\" src=\"https:\/\/urh.spdmafiliadas.org.br\/wp-content\/uploads\/sites\/4\/2020\/09\/Capi\u0301tulo-7.8-Regras-e-Procedimentos-Seguranca-Ocupacional-e-Meio-Ambiente.mp4?_=13\" \/><a href=\"https:\/\/urh.spdmafiliadas.org.br\/wp-content\/uploads\/sites\/4\/2020\/09\/Capi\u0301tulo-7.8-Regras-e-Procedimentos-Seguranca-Ocupacional-e-Meio-Ambiente.mp4\">https:\/\/urh.spdmafiliadas.org.br\/wp-content\/uploads\/sites\/4\/2020\/09\/Capi\u0301tulo-7.8-Regras-e-Procedimentos-Seguranca-Ocupacional-e-Meio-Ambiente.mp4<\/a><\/video><\/div>\n\t\t<\/div>\n\t\t\t\t\t<\/div>\n\n\t\n\n\t<div id=\"col-1062064480\" class=\"col medium-4 small-12 large-4\"  >\n\t\t\t\t<div class=\"col-inner\"  >\n\t\t\t\n\t\t\t\n<p>Cap\u00edtulo 7 &#8211; Regras e Procedimentos | Na Utiliza\u00e7\u00e3o de Informa\u00e7\u00f5es<div style=\"width: 600px;\" class=\"wp-video\"><video class=\"wp-video-shortcode\" id=\"video-8053-14\" width=\"600\" height=\"338\" preload=\"metadata\" controls=\"controls\"><source type=\"video\/mp4\" src=\"https:\/\/urh.spdmafiliadas.org.br\/wp-content\/uploads\/sites\/4\/2020\/09\/Capi\u0301tulo-7-Regras-e-Procedimentos-Utilizac\u0327a\u0303o-de-Informac\u0327o\u0303es.mp4?_=14\" \/><a href=\"https:\/\/urh.spdmafiliadas.org.br\/wp-content\/uploads\/sites\/4\/2020\/09\/Capi\u0301tulo-7-Regras-e-Procedimentos-Utilizac\u0327a\u0303o-de-Informac\u0327o\u0303es.mp4\">https:\/\/urh.spdmafiliadas.org.br\/wp-content\/uploads\/sites\/4\/2020\/09\/Capi\u0301tulo-7-Regras-e-Procedimentos-Utilizac\u0327a\u0303o-de-Informac\u0327o\u0303es.mp4<\/a><\/video><\/div>\n\t\t<\/div>\n\t\t\t\t\t<\/div>\n\n\t\n\n\t<div id=\"col-118020666\" class=\"col medium-4 small-12 large-4\"  >\n\t\t\t\t<div class=\"col-inner\"  >\n\t\t\t\n\t\t\t\n<p>Cap\u00edtulo 7 &#8211; Regras e Procedimentos | Imagem Institucional e Reputa\u00e7\u00e3o<div style=\"width: 600px;\" class=\"wp-video\"><video class=\"wp-video-shortcode\" id=\"video-8053-15\" width=\"600\" height=\"338\" preload=\"metadata\" controls=\"controls\"><source type=\"video\/mp4\" src=\"http:\/\/urh.spdmafiliadas.org.br\/wp-content\/uploads\/sites\/4\/2020\/09\/Capi\u0301tulo-7.10-Regras-e-Procedimentos-Imagem-Institucional-e-Reputac\u0327a\u0303o.mp4?_=15\" \/><a href=\"http:\/\/urh.spdmafiliadas.org.br\/wp-content\/uploads\/sites\/4\/2020\/09\/Capi\u0301tulo-7.10-Regras-e-Procedimentos-Imagem-Institucional-e-Reputac\u0327a\u0303o.mp4\">http:\/\/urh.spdmafiliadas.org.br\/wp-content\/uploads\/sites\/4\/2020\/09\/Capi\u0301tulo-7.10-Regras-e-Procedimentos-Imagem-Institucional-e-Reputac\u0327a\u0303o.mp4<\/a><\/video><\/div>\n\t\t<\/div>\n\t\t\t\t\t<\/div>\n\n\t\n\n\t<div id=\"col-410081834\" class=\"col medium-4 small-12 large-4\"  >\n\t\t\t\t<div class=\"col-inner\"  >\n\t\t\t\n\t\t\t\n<p>Cap\u00edtulo 7 &#8211; Regras e Procedimentos | Dos Recursos Gerenciados pela SPDM<div style=\"width: 600px;\" class=\"wp-video\"><video class=\"wp-video-shortcode\" id=\"video-8053-16\" width=\"600\" height=\"338\" preload=\"metadata\" controls=\"controls\"><source type=\"video\/mp4\" src=\"https:\/\/urh.spdmafiliadas.org.br\/wp-content\/uploads\/sites\/4\/2020\/09\/Capi\u0301tulo-7.11-Regras-e-Procedimentos-Dos-Recursos-Gerenciados-pela-SPDM.mp4?_=16\" \/><a href=\"https:\/\/urh.spdmafiliadas.org.br\/wp-content\/uploads\/sites\/4\/2020\/09\/Capi\u0301tulo-7.11-Regras-e-Procedimentos-Dos-Recursos-Gerenciados-pela-SPDM.mp4\">https:\/\/urh.spdmafiliadas.org.br\/wp-content\/uploads\/sites\/4\/2020\/09\/Capi\u0301tulo-7.11-Regras-e-Procedimentos-Dos-Recursos-Gerenciados-pela-SPDM.mp4<\/a><\/video><\/div>\n\t\t<\/div>\n\t\t\t\t\t<\/div>\n\n\t\n\n\t<div id=\"col-662318876\" class=\"col medium-4 small-12 large-4\"  >\n\t\t\t\t<div class=\"col-inner\"  >\n\t\t\t\n\t\t\t\n<p>Cap\u00edtulo 7 &#8211; Regras e Procedimentos | Gest\u00e3o Financeira<div style=\"width: 600px;\" class=\"wp-video\"><video class=\"wp-video-shortcode\" id=\"video-8053-17\" width=\"600\" height=\"338\" preload=\"metadata\" controls=\"controls\"><source type=\"video\/mp4\" src=\"https:\/\/urh.spdmafiliadas.org.br\/wp-content\/uploads\/sites\/4\/2020\/09\/Capi\u0301tulo-7.12-Regras-e-Procedimentos-Gesta\u0303o-Financeira.mp4?_=17\" \/><a href=\"https:\/\/urh.spdmafiliadas.org.br\/wp-content\/uploads\/sites\/4\/2020\/09\/Capi\u0301tulo-7.12-Regras-e-Procedimentos-Gesta\u0303o-Financeira.mp4\">https:\/\/urh.spdmafiliadas.org.br\/wp-content\/uploads\/sites\/4\/2020\/09\/Capi\u0301tulo-7.12-Regras-e-Procedimentos-Gesta\u0303o-Financeira.mp4<\/a><\/video><\/div>\n\t\t<\/div>\n\t\t\t\t\t<\/div>\n\n\t\n\n\t<div id=\"col-462888622\" class=\"col medium-4 small-12 large-4\"  >\n\t\t\t\t<div class=\"col-inner\"  >\n\t\t\t\n\t\t\t\n<p>Cap\u00edtulo 7 &#8211; Regras e Procedimentos | Sinais de Alerta<div style=\"width: 600px;\" class=\"wp-video\"><video class=\"wp-video-shortcode\" id=\"video-8053-18\" width=\"600\" height=\"338\" preload=\"metadata\" controls=\"controls\"><source type=\"video\/mp4\" src=\"https:\/\/urh.spdmafiliadas.org.br\/wp-content\/uploads\/sites\/4\/2020\/09\/Capi\u0301tulo-7.13-Regras-e-Procedimentos-Sinais-de-Alerta.mp4?_=18\" \/><a href=\"https:\/\/urh.spdmafiliadas.org.br\/wp-content\/uploads\/sites\/4\/2020\/09\/Capi\u0301tulo-7.13-Regras-e-Procedimentos-Sinais-de-Alerta.mp4\">https:\/\/urh.spdmafiliadas.org.br\/wp-content\/uploads\/sites\/4\/2020\/09\/Capi\u0301tulo-7.13-Regras-e-Procedimentos-Sinais-de-Alerta.mp4<\/a><\/video><\/div>\n\t\t<\/div>\n\t\t\t\t\t<\/div>\n\n\t\n<\/div>\n<div class=\"row row-small row-dashed\"  id=\"row-858853083\">\n\n\t<div id=\"col-652715387\" class=\"col medium-4 small-12 large-4\"  >\n\t\t\t\t<div class=\"col-inner\"  >\n\t\t\t\n\t\t\t\n<p>Cap\u00edtulo 8 &#8211; Viola\u00e7\u00f5es e San\u00e7\u00f5es Aplic\u00e1veis<div style=\"width: 600px;\" class=\"wp-video\"><video class=\"wp-video-shortcode\" id=\"video-8053-19\" width=\"600\" height=\"338\" preload=\"metadata\" controls=\"controls\"><source type=\"video\/mp4\" src=\"https:\/\/urh.spdmafiliadas.org.br\/wp-content\/uploads\/sites\/4\/2020\/09\/Capi\u0301tulo-8-Violac\u0327o\u0303es-e-Sanc\u0327o\u0303es-Aplicaveis.mp4?_=19\" \/><a href=\"https:\/\/urh.spdmafiliadas.org.br\/wp-content\/uploads\/sites\/4\/2020\/09\/Capi\u0301tulo-8-Violac\u0327o\u0303es-e-Sanc\u0327o\u0303es-Aplicaveis.mp4\">https:\/\/urh.spdmafiliadas.org.br\/wp-content\/uploads\/sites\/4\/2020\/09\/Capi\u0301tulo-8-Violac\u0327o\u0303es-e-Sanc\u0327o\u0303es-Aplicaveis.mp4<\/a><\/video><\/div>\n\t\t<\/div>\n\t\t\t\t\t<\/div>\n\n\t\n\n\t<div id=\"col-1712939477\" class=\"col medium-4 small-12 large-4\"  >\n\t\t\t\t<div class=\"col-inner\"  >\n\t\t\t\n\t\t\t\n<p>Cap\u00edtulo 9 &#8211; Das Proibi\u00e7\u00f5es<div style=\"width: 600px;\" class=\"wp-video\"><video class=\"wp-video-shortcode\" id=\"video-8053-20\" width=\"600\" height=\"338\" preload=\"metadata\" controls=\"controls\"><source type=\"video\/mp4\" src=\"https:\/\/urh.spdmafiliadas.org.br\/wp-content\/uploads\/sites\/4\/2020\/09\/Capi\u0301tulo-9-Proibic\u0327o\u0303es.mp4?_=20\" \/><a href=\"https:\/\/urh.spdmafiliadas.org.br\/wp-content\/uploads\/sites\/4\/2020\/09\/Capi\u0301tulo-9-Proibic\u0327o\u0303es.mp4\">https:\/\/urh.spdmafiliadas.org.br\/wp-content\/uploads\/sites\/4\/2020\/09\/Capi\u0301tulo-9-Proibic\u0327o\u0303es.mp4<\/a><\/video><\/div>\n\t\t<\/div>\n\t\t\t\t\t<\/div>\n\n\t\n\n\t<div id=\"col-1627097981\" class=\"col medium-4 small-12 large-4\"  >\n\t\t\t\t<div class=\"col-inner\"  >\n\t\t\t\n\t\t\t\n<p>Cap\u00edtulo 10 &#8211; Dos Canais de Comunica\u00e7\u00e3o e de Apura\u00e7\u00e3o<div style=\"width: 600px;\" class=\"wp-video\"><video class=\"wp-video-shortcode\" id=\"video-8053-21\" width=\"600\" height=\"338\" preload=\"metadata\" controls=\"controls\"><source type=\"video\/mp4\" src=\"https:\/\/urh.spdmafiliadas.org.br\/wp-content\/uploads\/sites\/4\/2020\/09\/Capi\u0301tulo-10.-Dos-Canais-de-Comunicac\u0327a\u0303o-e-de-Apurac\u0327a\u0303o.mp4?_=21\" \/><a href=\"https:\/\/urh.spdmafiliadas.org.br\/wp-content\/uploads\/sites\/4\/2020\/09\/Capi\u0301tulo-10.-Dos-Canais-de-Comunicac\u0327a\u0303o-e-de-Apurac\u0327a\u0303o.mp4\">https:\/\/urh.spdmafiliadas.org.br\/wp-content\/uploads\/sites\/4\/2020\/09\/Capi\u0301tulo-10.-Dos-Canais-de-Comunicac\u0327a\u0303o-e-de-Apurac\u0327a\u0303o.mp4<\/a><\/video><\/div>\n\t\t<\/div>\n\t\t\t\t\t<\/div>\n\n\t\n\n\t<div id=\"col-111195960\" class=\"col medium-4 small-12 large-4\"  >\n\t\t\t\t<div class=\"col-inner\"  >\n\t\t\t\n\t\t\t\n<p>Cap\u00edtulo 11 &#8211; Disposi\u00e7\u00f5es Gerais<div style=\"width: 600px;\" class=\"wp-video\"><video class=\"wp-video-shortcode\" id=\"video-8053-22\" width=\"600\" height=\"338\" preload=\"metadata\" controls=\"controls\"><source type=\"video\/mp4\" src=\"https:\/\/urh.spdmafiliadas.org.br\/wp-content\/uploads\/sites\/4\/2020\/09\/Capi\u0301tulo-11-Disposic\u0327o\u0303es-Gerais.mp4?_=22\" \/><a href=\"https:\/\/urh.spdmafiliadas.org.br\/wp-content\/uploads\/sites\/4\/2020\/09\/Capi\u0301tulo-11-Disposic\u0327o\u0303es-Gerais.mp4\">https:\/\/urh.spdmafiliadas.org.br\/wp-content\/uploads\/sites\/4\/2020\/09\/Capi\u0301tulo-11-Disposic\u0327o\u0303es-Gerais.mp4<\/a><\/video><\/div>\n\t\t<\/div>\n\t\t\t\t\t<\/div>\n\n\t\n\n\t<div id=\"col-2051176198\" class=\"col medium-4 small-12 large-4\"  >\n\t\t\t\t<div class=\"col-inner\"  >\n\t\t\t\n\t\t\t\n\t\t<\/div>\n\t\t\t\t\t<\/div>\n\n\t\n\n\t<div id=\"col-804445929\" class=\"col medium-4 small-12 large-4\"  >\n\t\t\t\t<div class=\"col-inner\"  >\n\t\t\t\n\t\t\t\n\t\t<\/div>\n\t\t\t\t\t<\/div>\n\n\t\n<\/div>\n","protected":false},"excerpt":{"rendered":"<p>Manual de conformidade &#8211; anima\u00e7\u00f5es<\/p>\n","protected":false},"author":1,"featured_media":0,"parent":0,"menu_order":0,"comment_status":"closed","ping_status":"closed","template":"","meta":{"footnotes":""},"class_list":["post-8053","page","type-page","status-publish","hentry"],"_links":{"self":[{"href":"https:\/\/cross.animaker.com.br\/index.php?rest_route=\/wp\/v2\/pages\/8053","targetHints":{"allow":["GET"]}}],"collection":[{"href":"https:\/\/cross.animaker.com.br\/index.php?rest_route=\/wp\/v2\/pages"}],"about":[{"href":"https:\/\/cross.animaker.com.br\/index.php?rest_route=\/wp\/v2\/types\/page"}],"author":[{"embeddable":true,"href":"https:\/\/cross.animaker.com.br\/index.php?rest_route=\/wp\/v2\/users\/1"}],"replies":[{"embeddable":true,"href":"https:\/\/cross.animaker.com.br\/index.php?rest_route=%2Fwp%2Fv2%2Fcomments&post=8053"}],"version-history":[{"count":0,"href":"https:\/\/cross.animaker.com.br\/index.php?rest_route=\/wp\/v2\/pages\/8053\/revisions"}],"wp:attachment":[{"href":"https:\/\/cross.animaker.com.br\/index.php?rest_route=%2Fwp%2Fv2%2Fmedia&parent=8053"}],"curies":[{"name":"wp","href":"https:\/\/api.w.org\/{rel}","templated":true}]}}