{"id":8245,"date":"2022-11-07T14:27:57","date_gmt":"2022-11-07T17:27:57","guid":{"rendered":"https:\/\/cross.animaker.com.br\/?page_id=8245"},"modified":"2023-01-20T15:44:40","modified_gmt":"2023-01-20T18:44:40","slug":"pagina-inicial-ok","status":"publish","type":"page","link":"https:\/\/cross.animaker.com.br\/","title":{"rendered":"Pagina Inicial OK"},"content":{"rendered":"<div class=\"slider-wrapper relative\" id=\"slider-507713002\" >\n    <div class=\"slider slider-nav-circle slider-nav-large slider-nav-light slider-style-normal\"\n        data-flickity-options='{\n            \"cellAlign\": \"center\",\n            \"imagesLoaded\": true,\n            \"lazyLoad\": 1,\n            \"freeScroll\": false,\n            \"wrapAround\": true,\n            \"autoPlay\": 6000,\n            \"pauseAutoPlayOnHover\" : true,\n            \"prevNextButtons\": true,\n            \"contain\" : true,\n            \"adaptiveHeight\" : true,\n            \"dragThreshold\" : 10,\n            \"percentPosition\": true,\n            \"pageDots\": true,\n            \"rightToLeft\": false,\n            \"draggable\": true,\n            \"selectedAttraction\": 0.1,\n            \"parallax\" : 0,\n            \"friction\": 0.6        }'\n        >\n        \n\n  <div class=\"banner has-hover\" id=\"banner-1014058773\">\n          <div class=\"banner-inner fill\">\n        <div class=\"banner-bg fill\" >\n            <img loading=\"lazy\" decoding=\"async\" width=\"1250\" height=\"833\" src=\"https:\/\/cross.animaker.com.br\/wp-content\/uploads\/sites\/146\/2021\/08\/Cross01.jpg\" class=\"bg attachment-original size-original\" alt=\"\" \/>                                    \n                    <\/div>\n\t\t\n        <div class=\"banner-layers container\">\n            <div class=\"fill banner-link\"><\/div>            \n   <div id=\"text-box-705472043\" class=\"text-box banner-layer x50 md-x50 lg-x50 y50 md-y50 lg-y50 res-text\">\n                                <div class=\"text-box-content text dark\">\n              \n              <div class=\"text-inner text-center\">\n                  \n              <\/div>\n           <\/div>\n                            \n<style>\n#text-box-705472043 {\n  width: 60%;\n}\n#text-box-705472043 .text-box-content {\n  font-size: 100%;\n}\n<\/style>\n    <\/div>\n \n        <\/div>\n      <\/div>\n\n            \n<style>\n#banner-1014058773 {\n  padding-top: 645px;\n}\n#banner-1014058773 .banner-bg img {\n  object-position: 53% 55%;\n}\n<\/style>\n  <\/div>\n\n\n\n  <div class=\"banner has-hover\" id=\"banner-1219712741\">\n          <div class=\"banner-inner fill\">\n        <div class=\"banner-bg fill\" >\n            <img loading=\"lazy\" decoding=\"async\" width=\"1250\" height=\"938\" src=\"https:\/\/cross.animaker.com.br\/wp-content\/uploads\/sites\/146\/2021\/08\/cross-spdmafiliadas-foto-3.jpg\" class=\"bg attachment-original size-original\" alt=\"\" \/>                                    \n                    <\/div>\n\t\t\n        <div class=\"banner-layers container\">\n            <div class=\"fill banner-link\"><\/div>            \n        <\/div>\n      <\/div>\n\n            \n<style>\n#banner-1219712741 {\n  padding-top: 645px;\n}\n#banner-1219712741 .banner-bg img {\n  object-position: 55% 42%;\n}\n<\/style>\n  <\/div>\n\n\n\n  <div class=\"banner has-hover\" id=\"banner-707990695\">\n          <div class=\"banner-inner fill\">\n        <div class=\"banner-bg fill\" >\n            <img loading=\"lazy\" decoding=\"async\" width=\"1156\" height=\"650\" src=\"https:\/\/cross.animaker.com.br\/wp-content\/uploads\/sites\/146\/2021\/08\/cross-spdm-afiliadas-foto-1.jpg\" class=\"bg attachment-original size-original\" alt=\"\" \/>                                    \n                    <\/div>\n\t\t\n        <div class=\"banner-layers container\">\n            <div class=\"fill banner-link\"><\/div>            \n        <\/div>\n      <\/div>\n\n            \n<style>\n#banner-707990695 {\n  padding-top: 645px;\n}\n#banner-707990695 .banner-bg img {\n  object-position: 49% 82%;\n}\n<\/style>\n  <\/div>\n\n\n     <\/div>\n\n     <div class=\"loading-spin dark large centered\"><\/div>\n\n\t<\/div>\n\n\n<div class=\"row\"  id=\"row-116015300\">\n\n\t<div id=\"col-222085689\" class=\"col small-12 large-12\"  >\n\t\t\t\t<div class=\"col-inner\"  >\n\t\t\t\n\t\t\t\n<div class=\"row row-small align-middle align-center\"  id=\"row-812657857\">\n\n\t<div id=\"col-588621484\" class=\"col medium-2 small-12 large-2\"  >\n\t\t\t\t<div class=\"col-inner\"  >\n\t\t\t\n\t\t\t\n\n\t<a class=\"plain\" href=\"https:\/\/cross.animaker.com.br\/?page_id=7535\" >\t<div class=\"icon-box featured-box icon-box-center text-center is-small\"  >\n\t\t\t\t\t<div class=\"icon-box-img\" style=\"width: 60px\">\n\t\t\t\t<div class=\"icon\">\n\t\t\t\t\t<div class=\"icon-inner\" style=\"color:rgb(0, 135, 197);\">\n\t\t\t\t\t\t<?xml version=\"1.0\" encoding=\"utf-8\"?>\n<!-- Generated by IcoMoon.io -->\n<!DOCTYPE svg PUBLIC \"-\/\/W3C\/\/DTD SVG 1.1\/\/EN\" \"http:\/\/www.w3.org\/Graphics\/SVG\/1.1\/DTD\/svg11.dtd\">\n<svg version=\"1.1\" xmlns=\"http:\/\/www.w3.org\/2000\/svg\" xmlns:xlink=\"http:\/\/www.w3.org\/1999\/xlink\" width=\"20\" height=\"20\" viewBox=\"0 0 20 20\">\n<path fill=\"#000000\" d=\"M18.5 18h-11c-0.827 0-1.5-0.673-1.5-1.5 0-0.048 0.011-1.19 0.924-2.315 0.525-0.646 1.241-1.158 2.128-1.522 1.071-0.44 2.4-0.662 3.948-0.662s2.876 0.223 3.948 0.662c0.887 0.364 1.603 0.876 2.128 1.522 0.914 1.125 0.924 2.267 0.924 2.315 0 0.827-0.673 1.5-1.5 1.5zM7 16.503c0.001 0.275 0.225 0.497 0.5 0.497h11c0.275 0 0.499-0.223 0.5-0.497-0.001-0.035-0.032-0.895-0.739-1.734-0.974-1.157-2.793-1.768-5.261-1.768s-4.287 0.612-5.261 1.768c-0.707 0.84-0.738 1.699-0.739 1.734z\"><\/path>\n<path fill=\"#000000\" d=\"M13 11c-2.206 0-4-1.794-4-4s1.794-4 4-4 4 1.794 4 4c0 2.206-1.794 4-4 4zM13 4c-1.654 0-3 1.346-3 3s1.346 3 3 3 3-1.346 3-3-1.346-3-3-3z\"><\/path>\n<path fill=\"#000000\" d=\"M4.5 18h-3c-0.827 0-1.5-0.673-1.5-1.5 0-0.037 0.008-0.927 0.663-1.8 0.378-0.505 0.894-0.904 1.533-1.188 0.764-0.34 1.708-0.512 2.805-0.512 0.179 0 0.356 0.005 0.527 0.014 0.276 0.015 0.487 0.25 0.473 0.526s-0.25 0.488-0.526 0.473c-0.153-0.008-0.312-0.012-0.473-0.012-3.894 0-3.997 2.379-4 2.503 0.001 0.274 0.225 0.497 0.5 0.497h3c0.276 0 0.5 0.224 0.5 0.5s-0.224 0.5-0.5 0.5z\"><\/path>\n<path fill=\"#000000\" d=\"M5 12c-1.654 0-3-1.346-3-3s1.346-3 3-3 3 1.346 3 3-1.346 3-3 3zM5 7c-1.103 0-2 0.897-2 2s0.897 2 2 2 2-0.897 2-2c0-1.103-0.897-2-2-2z\"><\/path>\n<\/svg>\n\t\t\t\t\t<\/div>\n\t\t\t\t<\/div>\n\t\t\t<\/div>\n\t\t\t\t<div class=\"icon-box-text last-reset\">\n\t\t\t<h5 class=\"uppercase\">Inclus\u00e3o Social<\/h5>\t\t\t\t\t\t\n\t\t<\/div>\n\t<\/div>\n\t<\/a>\n\t\n\t\t<\/div>\n\t\t\t\t\t<\/div>\n\n\t\n\n\t<div id=\"col-557468272\" class=\"col medium-2 small-12 large-2\"  >\n\t\t\t\t<div class=\"col-inner\"  >\n\t\t\t\n\t\t\t\n\n\t<a class=\"plain\" href=\"https:\/\/cross.animaker.com.br\/?page_id=8282\" target=\"_blank\" rel=\"noopener\" >\t<div class=\"icon-box featured-box icon-box-center text-center is-small\"  >\n\t\t\t\t\t<div class=\"icon-box-img\" style=\"width: 60px\">\n\t\t\t\t<div class=\"icon\">\n\t\t\t\t\t<div class=\"icon-inner\" style=\"color:rgb(0, 135, 197);\">\n\t\t\t\t\t\t<?xml version=\"1.0\" encoding=\"utf-8\"?>\n<!-- Generated by IcoMoon.io -->\n<!DOCTYPE svg PUBLIC \"-\/\/W3C\/\/DTD SVG 1.1\/\/EN\" \"http:\/\/www.w3.org\/Graphics\/SVG\/1.1\/DTD\/svg11.dtd\">\n<svg version=\"1.1\" xmlns=\"http:\/\/www.w3.org\/2000\/svg\" xmlns:xlink=\"http:\/\/www.w3.org\/1999\/xlink\" width=\"20\" height=\"20\" viewBox=\"0 0 20 20\">\n<path fill=\"#000000\" d=\"M17.854 5.646l-4.5-4.5c-0.094-0.094-0.221-0.146-0.354-0.146h-9.5c-0.827 0-1.5 0.673-1.5 1.5v16c0 0.827 0.673 1.5 1.5 1.5h13c0.827 0 1.5-0.673 1.5-1.5v-12.5c0-0.133-0.053-0.26-0.146-0.354zM16.793 6h-3.293c-0.276 0-0.5-0.224-0.5-0.5v-3.293l3.793 3.793zM16.5 19h-13c-0.276 0-0.5-0.224-0.5-0.5v-16c0-0.276 0.224-0.5 0.5-0.5h8.5v3.5c0 0.827 0.673 1.5 1.5 1.5h3.5v11.5c0 0.276-0.224 0.5-0.5 0.5z\"><\/path>\n<path fill=\"#000000\" d=\"M11.5 13h-2.5v-2.5c0-0.276-0.224-0.5-0.5-0.5s-0.5 0.224-0.5 0.5v2.5h-2.5c-0.276 0-0.5 0.224-0.5 0.5s0.224 0.5 0.5 0.5h2.5v2.5c0 0.276 0.224 0.5 0.5 0.5s0.5-0.224 0.5-0.5v-2.5h2.5c0.276 0 0.5-0.224 0.5-0.5s-0.224-0.5-0.5-0.5z\"><\/path>\n<\/svg>\n\t\t\t\t\t<\/div>\n\t\t\t\t<\/div>\n\t\t\t<\/div>\n\t\t\t\t<div class=\"icon-box-text last-reset\">\n\t\t\t<h5 class=\"uppercase\">Trabalhe Conosco<\/h5>\t\t\t\t\t\t\n\t\t<\/div>\n\t<\/div>\n\t<\/a>\n\t\n\t\t<\/div>\n\t\t\t\t\t<\/div>\n\n\t\n\n\t<div id=\"col-59740417\" class=\"col medium-2 small-12 large-2\"  >\n\t\t\t\t<div class=\"col-inner\"  >\n\t\t\t\n\t\t\t\n\n\t<a class=\"plain\" href=\"https:\/\/cross.animaker.com.br\/?page_id=7578\" >\t<div class=\"icon-box featured-box icon-box-center text-center is-small\"  >\n\t\t\t\t\t<div class=\"icon-box-img\" style=\"width: 60px\">\n\t\t\t\t<div class=\"icon\">\n\t\t\t\t\t<div class=\"icon-inner\" style=\"color:rgb(0, 135, 197);\">\n\t\t\t\t\t\t<?xml version=\"1.0\" encoding=\"utf-8\"?>\n<!-- Generated by IcoMoon.io -->\n<!DOCTYPE svg PUBLIC \"-\/\/W3C\/\/DTD SVG 1.1\/\/EN\" \"http:\/\/www.w3.org\/Graphics\/SVG\/1.1\/DTD\/svg11.dtd\">\n<svg version=\"1.1\" xmlns=\"http:\/\/www.w3.org\/2000\/svg\" xmlns:xlink=\"http:\/\/www.w3.org\/1999\/xlink\" width=\"20\" height=\"20\" viewBox=\"0 0 20 20\">\n<path fill=\"#000000\" d=\"M7.631 19.702c-0.041 0-0.083-0.005-0.125-0.016-0.898-0.231-1.761-0.587-2.564-1.059-0.233-0.137-0.315-0.434-0.186-0.671 0.159-0.292 0.243-0.622 0.243-0.957 0-1.103-0.897-2-2-2-0.334 0-0.665 0.084-0.957 0.243-0.237 0.129-0.534 0.047-0.671-0.186-0.472-0.804-0.828-1.666-1.059-2.564-0.065-0.254 0.077-0.515 0.325-0.598 0.814-0.274 1.362-1.036 1.362-1.895s-0.547-1.621-1.362-1.895c-0.248-0.084-0.39-0.344-0.325-0.598 0.231-0.898 0.587-1.761 1.059-2.564 0.137-0.233 0.434-0.315 0.671-0.186 0.291 0.159 0.622 0.243 0.957 0.243 1.103 0 2-0.897 2-2 0-0.334-0.084-0.665-0.243-0.957-0.129-0.237-0.047-0.534 0.186-0.671 0.804-0.472 1.666-0.828 2.564-1.059 0.254-0.065 0.515 0.077 0.598 0.325 0.274 0.814 1.036 1.362 1.895 1.362s1.621-0.547 1.895-1.362c0.084-0.248 0.345-0.39 0.598-0.325 0.898 0.231 1.761 0.587 2.564 1.059 0.233 0.137 0.315 0.434 0.186 0.671-0.159 0.292-0.243 0.622-0.243 0.957 0 1.103 0.897 2 2 2 0.334 0 0.665-0.084 0.957-0.243 0.237-0.129 0.534-0.047 0.671 0.186 0.472 0.804 0.828 1.666 1.059 2.564 0.065 0.254-0.077 0.515-0.325 0.598-0.814 0.274-1.362 1.036-1.362 1.895s0.547 1.621 1.362 1.895c0.248 0.084 0.39 0.344 0.325 0.598-0.231 0.898-0.587 1.761-1.059 2.564-0.137 0.233-0.434 0.315-0.671 0.186-0.292-0.159-0.622-0.243-0.957-0.243-1.103 0-2 0.897-2 2 0 0.334 0.084 0.665 0.243 0.957 0.129 0.237 0.047 0.534-0.186 0.671-0.804 0.472-1.666 0.828-2.564 1.059-0.254 0.065-0.515-0.077-0.598-0.325-0.274-0.814-1.036-1.362-1.895-1.362s-1.621 0.547-1.895 1.362c-0.070 0.207-0.264 0.341-0.474 0.341zM10 17c1.127 0 2.142 0.628 2.655 1.602 0.52-0.161 1.026-0.369 1.51-0.622-0.108-0.314-0.164-0.646-0.164-0.98 0-1.654 1.346-3 3-3 0.334 0 0.666 0.056 0.98 0.164 0.253-0.484 0.462-0.989 0.622-1.51-0.974-0.512-1.602-1.527-1.602-2.655s0.628-2.142 1.602-2.655c-0.161-0.52-0.369-1.026-0.622-1.51-0.314 0.108-0.646 0.164-0.98 0.164-1.654 0-3-1.346-3-3 0-0.334 0.056-0.666 0.164-0.98-0.484-0.253-0.989-0.462-1.51-0.622-0.512 0.974-1.527 1.602-2.655 1.602s-2.142-0.628-2.655-1.602c-0.52 0.16-1.026 0.369-1.51 0.622 0.108 0.314 0.164 0.646 0.164 0.98 0 1.654-1.346 3-3 3-0.334 0-0.666-0.056-0.98-0.164-0.253 0.484-0.462 0.989-0.622 1.51 0.974 0.512 1.602 1.527 1.602 2.655s-0.628 2.142-1.602 2.655c0.16 0.52 0.369 1.026 0.622 1.51 0.314-0.108 0.646-0.164 0.98-0.164 1.654 0 3 1.346 3 3 0 0.334-0.056 0.666-0.164 0.98 0.484 0.253 0.989 0.462 1.51 0.622 0.512-0.974 1.527-1.602 2.655-1.602z\"><\/path>\n<path fill=\"#000000\" d=\"M10 13c-1.654 0-3-1.346-3-3s1.346-3 3-3 3 1.346 3 3-1.346 3-3 3zM10 8c-1.103 0-2 0.897-2 2s0.897 2 2 2c1.103 0 2-0.897 2-2s-0.897-2-2-2z\"><\/path>\n<\/svg>\n\t\t\t\t\t<\/div>\n\t\t\t\t<\/div>\n\t\t\t<\/div>\n\t\t\t\t<div class=\"icon-box-text last-reset\">\n\t\t\t<h5 class=\"uppercase\">Compras e Editais<\/h5>\t\t\t\t\t\t\n\t\t<\/div>\n\t<\/div>\n\t<\/a>\n\t\n\t\t<\/div>\n\t\t\t\t\t<\/div>\n\n\t\n\n\t<div id=\"col-904393754\" class=\"col medium-2 small-12 large-2\"  >\n\t\t\t\t<div class=\"col-inner\"  >\n\t\t\t\n\t\t\t\n\n\t<a class=\"plain\" href=\"https:\/\/cross.animaker.com.br\/?page_id=8253\" >\t<div class=\"icon-box featured-box icon-box-center text-center is-small\"  >\n\t\t\t\t\t<div class=\"icon-box-img\" style=\"width: 60px\">\n\t\t\t\t<div class=\"icon\">\n\t\t\t\t\t<div class=\"icon-inner\" style=\"color:rgb(0, 135, 197);\">\n\t\t\t\t\t\t<?xml version=\"1.0\" encoding=\"utf-8\"?>\n<!-- Generated by IcoMoon.io -->\n<!DOCTYPE svg PUBLIC \"-\/\/W3C\/\/DTD SVG 1.1\/\/EN\" \"http:\/\/www.w3.org\/Graphics\/SVG\/1.1\/DTD\/svg11.dtd\">\n<svg version=\"1.1\" xmlns=\"http:\/\/www.w3.org\/2000\/svg\" xmlns:xlink=\"http:\/\/www.w3.org\/1999\/xlink\" width=\"20\" height=\"20\" viewBox=\"0 0 20 20\">\n<path fill=\"#000000\" d=\"M16 20c-1.771 0-3.655-0.502-5.6-1.492-1.793-0.913-3.564-2.22-5.122-3.78s-2.863-3.333-3.775-5.127c-0.988-1.946-1.49-3.83-1.49-5.601 0-1.148 1.070-2.257 1.529-2.68 0.661-0.609 1.701-1.32 2.457-1.32 0.376 0 0.816 0.246 1.387 0.774 0.425 0.394 0.904 0.928 1.383 1.544 0.289 0.372 1.73 2.271 1.73 3.182 0 0.747-0.845 1.267-1.739 1.816-0.346 0.212-0.703 0.432-0.961 0.639-0.276 0.221-0.325 0.338-0.333 0.364 0.949 2.366 3.85 5.267 6.215 6.215 0.021-0.007 0.138-0.053 0.363-0.333 0.207-0.258 0.427-0.616 0.639-0.961 0.55-0.894 1.069-1.739 1.816-1.739 0.911 0 2.81 1.441 3.182 1.73 0.616 0.479 1.15 0.958 1.544 1.383 0.528 0.57 0.774 1.011 0.774 1.387 0 0.756-0.711 1.799-1.319 2.463-0.424 0.462-1.533 1.537-2.681 1.537zM3.994 1c-0.268 0.005-0.989 0.333-1.773 1.055-0.744 0.686-1.207 1.431-1.207 1.945 0 6.729 8.264 15 14.986 15 0.513 0 1.258-0.465 1.944-1.213 0.723-0.788 1.051-1.512 1.056-1.781-0.032-0.19-0.558-0.929-1.997-2.037-1.237-0.952-2.24-1.463-2.498-1.469-0.018 0.005-0.13 0.048-0.357 0.336-0.197 0.251-0.408 0.594-0.613 0.926-0.56 0.911-1.089 1.772-1.858 1.772-0.124 0-0.246-0.024-0.363-0.071-2.625-1.050-5.729-4.154-6.779-6.779-0.126-0.315-0.146-0.809 0.474-1.371 0.33-0.299 0.786-0.579 1.228-0.851 0.332-0.204 0.676-0.415 0.926-0.613 0.288-0.227 0.331-0.339 0.336-0.357-0.007-0.258-0.517-1.261-1.469-2.498-1.108-1.439-1.847-1.964-2.037-1.997z\"><\/path>\n<\/svg>\n\t\t\t\t\t<\/div>\n\t\t\t\t<\/div>\n\t\t\t<\/div>\n\t\t\t\t<div class=\"icon-box-text last-reset\">\n\t\t\t<h5 class=\"uppercase\">Fale Conosco<\/h5>\t\t\t\t\t\t\n\t\t<\/div>\n\t<\/div>\n\t<\/a>\n\t\n\t\t<\/div>\n\t\t\t\t\t<\/div>\n\n\t\n\n\t<div id=\"col-1973165343\" class=\"col medium-2 small-12 large-2\"  >\n\t\t\t\t<div class=\"col-inner\"  >\n\t\t\t\n\t\t\t\n\n\t<a class=\"plain\" href=\"https:\/\/cross.animaker.com.br\/?page_id=7541\" >\t<div class=\"icon-box featured-box icon-box-center text-center is-small\"  >\n\t\t\t\t\t<div class=\"icon-box-img\" style=\"width: 60px\">\n\t\t\t\t<div class=\"icon\">\n\t\t\t\t\t<div class=\"icon-inner\" style=\"color:rgb(0, 135, 197);\">\n\t\t\t\t\t\t<?xml version=\"1.0\" encoding=\"utf-8\"?>\n<!-- Generated by IcoMoon.io -->\n<!DOCTYPE svg PUBLIC \"-\/\/W3C\/\/DTD SVG 1.1\/\/EN\" \"http:\/\/www.w3.org\/Graphics\/SVG\/1.1\/DTD\/svg11.dtd\">\n<svg version=\"1.1\" xmlns=\"http:\/\/www.w3.org\/2000\/svg\" xmlns:xlink=\"http:\/\/www.w3.org\/1999\/xlink\" width=\"20\" height=\"20\" viewBox=\"0 0 20 20\">\n<path fill=\"#000000\" d=\"M16.218 3.782c-1.794-1.794-4.18-2.782-6.718-2.782s-4.923 0.988-6.718 2.782-2.782 4.18-2.782 6.717 0.988 4.923 2.782 6.718 4.18 2.782 6.718 2.782 4.923-0.988 6.718-2.782 2.782-4.18 2.782-6.718-0.988-4.923-2.782-6.717zM9.5 19c-4.687 0-8.5-3.813-8.5-8.5s3.813-8.5 8.5-8.5c4.687 0 8.5 3.813 8.5 8.5s-3.813 8.5-8.5 8.5z\"><\/path>\n<path fill=\"#000000\" d=\"M9.5 15c-0.276 0-0.5-0.224-0.5-0.5v-2c0-0.276 0.224-0.5 0.5-0.5 1.93 0 3.5-1.57 3.5-3.5s-1.57-3.5-3.5-3.5-3.5 1.57-3.5 3.5c0 0.276-0.224 0.5-0.5 0.5s-0.5-0.224-0.5-0.5c0-2.481 2.019-4.5 4.5-4.5s4.5 2.019 4.5 4.5c0 2.312-1.753 4.223-4 4.472v1.528c0 0.276-0.224 0.5-0.5 0.5z\"><\/path>\n<path fill=\"#000000\" d=\"M9.5 18c-0 0 0 0 0 0-0.276 0-0.5-0.224-0.5-0.5v-1c0-0.276 0.224-0.5 0.5-0.5 0 0 0 0 0 0 0.276 0 0.5 0.224 0.5 0.5v1c0 0.276-0.224 0.5-0.5 0.5z\"><\/path>\n<\/svg>\n\t\t\t\t\t<\/div>\n\t\t\t\t<\/div>\n\t\t\t<\/div>\n\t\t\t\t<div class=\"icon-box-text last-reset\">\n\t\t\t<h5 class=\"uppercase\">Perguntas Frequentes<\/h5>\t\t\t\t\t\t\n\t\t<\/div>\n\t<\/div>\n\t<\/a>\n\t\n\t\t<\/div>\n\t\t\t\t\t<\/div>\n\n\t\n<\/div>\n\t\t<\/div>\n\t\t\t\t\t<\/div>\n\n\t\n<\/div>\n<div class=\"row\"  id=\"row-151341764\">\n\n\t<div id=\"col-432486829\" class=\"col medium-6 small-12 large-6\"  >\n\t\t\t\t<div class=\"col-inner\"  >\n\t\t\t\n\t\t\t\n<h3 style=\"text-align: justify;\"><strong>Seja Bem-Vindo(a):<\/strong><\/h3>\n<p style=\"text-align: justify;\"><span style=\"font-size: 80%;\"><button id=\"bb1\" type=\"button\" value=\"Play\" class=\"responsivevoice-button\" title=\"ResponsiveVoice Tap to Start\/Stop Speech\"><span>&#128266; Ouvir<\/span><\/button>\n        <script>\n            bb1.onclick = function(){\n                if(responsiveVoice.isPlaying()){\n                    responsiveVoice.cancel();\n                }else{\n                    responsiveVoice.speak(\"Seja bem-vindo(a)! A Central de Regula\u00e7\u00e3o de Ofertas de Servi\u00e7os de Sa\u00fade \u2013 CROSS, criada em 2010, por meio do Decreto Estadual N\u00ba 56.061 de 02\/08\/2010, tem por finalidade a regula\u00e7\u00e3o da oferta assistencial dispon\u00edvel \u00e0s necessidades imediatas do cidad\u00e3o, visando promover a equidade do acesso, garantindo a integridade da assist\u00eancia ao paciente do Sistema \u00danico de Sa\u00fade do Estado de S\u00e3o Paulo - SUS\/SP, no \u00e2mbito de sua \u00e1rea de abrang\u00eancia. Importante destacar que a CROSS n\u00e3o determina nenhuma pol\u00edtica de sa\u00fade, n\u00e3o contrata, define ou implanta novos servi\u00e7os. Desde 01 de abril de 2021 a SPDM - Associa\u00e7\u00e3o Paulista para o Desenvolvimento da Medicina, que \u00e9 uma Organiza\u00e7\u00e3o Social de Sa\u00fade (OSS), passou a ser a respons\u00e1vel pela gest\u00e3o dos recursos humanos e t\u00e9cnicos para a operacionaliza\u00e7\u00e3o da CROSS, sendo que esta n\u00e3o determina nenhuma pol\u00edtica de sa\u00fade, n\u00e3o contrata, define ou implanta novos servi\u00e7os.\u00a0 A CROSS operacionaliza as a\u00e7\u00f5es de regula\u00e7\u00e3o, seguindo estritamente as diretrizes definidas pela Secretaria de Estado da Sa\u00fade de S\u00e3o Paulo (CRS\/SES-SP) e diretrizes das Portarias GM\/MS \u2013 399\/2006, GM\/MS n\u00ba 1559\/08 e GM\/MS n\u00ba 2048\/2002.\", \"Brazilian Portuguese Female\");\n                }\n            };\n        <\/script>\n    <\/span><span style=\"font-weight: 400;\">Seja bem-vindo(a)!<\/span><\/p>\n<p style=\"text-align: justify;\"><span style=\"font-weight: 400;\">A Central de Regula\u00e7\u00e3o de Ofertas de Servi\u00e7os de Sa\u00fade \u2013 CROSS, criada em 2010, por meio do Decreto Estadual N\u00ba 56.061 de 02\/08\/2010, tem por finalidade a regula\u00e7\u00e3o da oferta assistencial dispon\u00edvel \u00e0s necessidades imediatas do cidad\u00e3o, visando promover a equidade do acesso, garantindo a integridade da assist\u00eancia ao paciente do Sistema \u00danico de Sa\u00fade do Estado de S\u00e3o Paulo &#8211; SUS\/SP, no \u00e2mbito de sua \u00e1rea de abrang\u00eancia. Importante destacar que a CROSS n\u00e3o determina nenhuma pol\u00edtica de sa\u00fade, n\u00e3o contrata, define ou implanta novos servi\u00e7os.<\/span><\/p>\n<p style=\"text-align: justify;\"><span style=\"font-weight: 400;\">Desde 01 de abril de 2021 a SPDM &#8211; Associa\u00e7\u00e3o Paulista para o Desenvolvimento da Medicina, que \u00e9 uma Organiza\u00e7\u00e3o Social de Sa\u00fade (OSS), passou a ser a respons\u00e1vel pela gest\u00e3o dos recursos humanos e t\u00e9cnicos para a operacionaliza\u00e7\u00e3o da CROSS, sendo que esta n\u00e3o determina nenhuma pol\u00edtica de sa\u00fade, n\u00e3o contrata, define ou implanta novos servi\u00e7os.\u00a0<\/span><\/p>\n<p style=\"text-align: justify;\"><span style=\"font-weight: 400;\">A CROSS operacionaliza as a\u00e7\u00f5es de regula\u00e7\u00e3o, seguindo estritamente as diretrizes definidas pela Secretaria de Estado da Sa\u00fade de S\u00e3o Paulo (CRS\/SES-SP) e diretrizes das Portarias GM\/MS \u2013 399\/2006, GM\/MS n\u00ba 1559\/08 e GM\/MS n\u00ba 2048\/2002.<\/span><span style=\"font-size: 14.4px;\"><\/span><\/p>\n\t\t<\/div>\n\t\t\t\t\t<\/div>\n\n\t\n\n\t<div id=\"col-790299954\" class=\"col medium-6 small-12 large-6\"  >\n\t\t\t\t<div class=\"col-inner\"  >\n\t\t\t\n\t\t\t\n<div class=\"accordion\">\n\t<div id=\"accordion-2064746548\" class=\"accordion-item\">\n\t\t<a id=\"accordion-2064746548-label\" class=\"accordion-title plain\" href=\"#accordion-item-miss\u00e3o\" aria-expanded=\"false\" aria-controls=\"accordion-2064746548-content\">\n\t\t\t<button class=\"toggle\" aria-label=\"Toggle\"><i class=\"icon-angle-down\" aria-hidden=\"true\"><\/i><\/button>\n\t\t\t<span>Miss\u00e3o<\/span>\n\t\t<\/a>\n\t\t<div id=\"accordion-2064746548-content\" class=\"accordion-inner\" aria-labelledby=\"accordion-2064746548-label\">\n\t\t\t\n<p style=\"text-align: justify;\"><span style=\"font-size: 75%;\"><button id=\"bb2\" type=\"button\" value=\"Play\" class=\"responsivevoice-button\" title=\"ResponsiveVoice Tap to Start\/Stop Speech\"><span>&#128266; Ouvir<\/span><\/button>\n        <script>\n            bb2.onclick = function(){\n                if(responsiveVoice.isPlaying()){\n                    responsiveVoice.cancel();\n                }else{\n                    responsiveVoice.speak(\"Viabilizar o acesso do cidad\u00e3o ao servi\u00e7o de sa\u00fade mais adequado \u00e0 sua necessidade, no tempo oportuno, assegurando a equidade e a integralidade da assist\u00eancia, de acordo com as diretrizes definidas e pactuadas pela Secretaria de Estado da Sa\u00fade de S\u00e3o Paulo.\", \"Brazilian Portuguese Female\");\n                }\n            };\n        <\/script>\n    <\/span><span style=\"font-weight: 400;\">Viabilizar o acesso do cidad\u00e3o ao servi\u00e7o de sa\u00fade mais adequado \u00e0 sua necessidade, no tempo oportuno, assegurando a equidade e a integralidade da assist\u00eancia, de acordo com as diretrizes definidas e pactuadas pela Secretaria de Estado da Sa\u00fade de S\u00e3o Paulo.<\/span>\n\t\t<\/div>\n\t<\/div>\n\t\n\t<div id=\"accordion-3305260062\" class=\"accordion-item\">\n\t\t<a id=\"accordion-3305260062-label\" class=\"accordion-title plain\" href=\"#accordion-item-vis\u00e3o\" aria-expanded=\"false\" aria-controls=\"accordion-3305260062-content\">\n\t\t\t<button class=\"toggle\" aria-label=\"Toggle\"><i class=\"icon-angle-down\" aria-hidden=\"true\"><\/i><\/button>\n\t\t\t<span>Vis\u00e3o<\/span>\n\t\t<\/a>\n\t\t<div id=\"accordion-3305260062-content\" class=\"accordion-inner\" aria-labelledby=\"accordion-3305260062-label\">\n\t\t\t\n<p style=\"text-align: justify;\"><span style=\"font-size: 75%;\"><button id=\"bb3\" type=\"button\" value=\"Play\" class=\"responsivevoice-button\" title=\"ResponsiveVoice Tap to Start\/Stop Speech\"><span>&#128266; Ouvir<\/span><\/button>\n        <script>\n            bb3.onclick = function(){\n                if(responsiveVoice.isPlaying()){\n                    responsiveVoice.cancel();\n                }else{\n                    responsiveVoice.speak(\"Ser reconhecida como uma central de regula\u00e7\u00e3o de acesso aos servi\u00e7os de sa\u00fade do SUS, do estado de S\u00e3o Paulo, com qualidade, equidade, resolubilidade, buscando aprimoramento constante dos seus processos de regula\u00e7\u00e3o.\u200b\", \"Brazilian Portuguese Female\");\n                }\n            };\n        <\/script>\n    <\/span>Ser reconhecida como uma central de regula\u00e7\u00e3o de acesso aos servi\u00e7os de sa\u00fade do SUS, do estado de S\u00e3o Paulo, com qualidade, equidade, resolubilidade, buscando aprimoramento constante dos seus processos de regula\u00e7\u00e3o.\u200b\n<p>\u00a0<\/p>\n\t\t<\/div>\n\t<\/div>\n\t\n\t<div id=\"accordion-3238567082\" class=\"accordion-item\">\n\t\t<a id=\"accordion-3238567082-label\" class=\"accordion-title plain\" href=\"#accordion-item-valores\" aria-expanded=\"false\" aria-controls=\"accordion-3238567082-content\">\n\t\t\t<button class=\"toggle\" aria-label=\"Toggle\"><i class=\"icon-angle-down\" aria-hidden=\"true\"><\/i><\/button>\n\t\t\t<span>Valores<\/span>\n\t\t<\/a>\n\t\t<div id=\"accordion-3238567082-content\" class=\"accordion-inner\" aria-labelledby=\"accordion-3238567082-label\">\n\t\t\t\n<p style=\"text-align: justify;\"><span style=\"font-size: 75%;\"><button id=\"bb4\" type=\"button\" value=\"Play\" class=\"responsivevoice-button\" title=\"ResponsiveVoice Tap to Start\/Stop Speech\"><span>&#128266; Ouvir<\/span><\/button>\n        <script>\n            bb4.onclick = function(){\n                if(responsiveVoice.isPlaying()){\n                    responsiveVoice.cancel();\n                }else{\n                    responsiveVoice.speak(\"\u00c9tica; Confiabilidade; Transpar\u00eancia; Humaniza\u00e7\u00e3o; Inova\u00e7\u00e3o; Equidade; Qualidade; Sustentabilidade ecol\u00f3gica, econ\u00f4mica e social; Compromisso social.\", \"Brazilian Portuguese Female\");\n                }\n            };\n        <\/script>\n    <\/span><\/p>\n<ul>\n<li style=\"font-weight: 400;\" aria-level=\"1\"><span style=\"font-weight: 400;\">\u00c9tica;<\/span><\/li>\n<li style=\"font-weight: 400;\" aria-level=\"1\"><span style=\"font-weight: 400;\">Confiabilidade;<\/span><\/li>\n<li style=\"font-weight: 400;\" aria-level=\"1\"><span style=\"font-weight: 400;\">Transpar\u00eancia;<\/span><\/li>\n<li style=\"font-weight: 400;\" aria-level=\"1\"><span style=\"font-weight: 400;\">Humaniza\u00e7\u00e3o;<\/span><\/li>\n<li style=\"font-weight: 400;\" aria-level=\"1\"><span style=\"font-weight: 400;\">Inova\u00e7\u00e3o;<\/span><\/li>\n<li style=\"font-weight: 400;\" aria-level=\"1\"><span style=\"font-weight: 400;\">Equidade;<\/span><\/li>\n<li style=\"font-weight: 400;\" aria-level=\"1\"><span style=\"font-weight: 400;\">Qualidade;<\/span><\/li>\n<li style=\"font-weight: 400;\" aria-level=\"1\"><span style=\"font-weight: 400;\">Sustentabilidade ecol\u00f3gica, econ\u00f4mica e social;<\/span><\/li>\n<li style=\"font-weight: 400;\" aria-level=\"1\"><span style=\"font-weight: 400;\">Compromisso social.<\/span><\/li>\n<\/ul>\n\n\t\t<\/div>\n\t<\/div>\n\t\n<\/div>\n\t\t<\/div>\n\t\t\t\t\t<\/div>\n\n\t\n<\/div>\n","protected":false},"excerpt":{"rendered":"","protected":false},"author":1,"featured_media":0,"parent":0,"menu_order":0,"comment_status":"closed","ping_status":"closed","template":"page-blank.php","meta":{"footnotes":""},"class_list":["post-8245","page","type-page","status-publish","hentry"],"_links":{"self":[{"href":"https:\/\/cross.animaker.com.br\/index.php?rest_route=\/wp\/v2\/pages\/8245","targetHints":{"allow":["GET"]}}],"collection":[{"href":"https:\/\/cross.animaker.com.br\/index.php?rest_route=\/wp\/v2\/pages"}],"about":[{"href":"https:\/\/cross.animaker.com.br\/index.php?rest_route=\/wp\/v2\/types\/page"}],"author":[{"embeddable":true,"href":"https:\/\/cross.animaker.com.br\/index.php?rest_route=\/wp\/v2\/users\/1"}],"replies":[{"embeddable":true,"href":"https:\/\/cross.animaker.com.br\/index.php?rest_route=%2Fwp%2Fv2%2Fcomments&post=8245"}],"version-history":[{"count":0,"href":"https:\/\/cross.animaker.com.br\/index.php?rest_route=\/wp\/v2\/pages\/8245\/revisions"}],"wp:attachment":[{"href":"https:\/\/cross.animaker.com.br\/index.php?rest_route=%2Fwp%2Fv2%2Fmedia&parent=8245"}],"curies":[{"name":"wp","href":"https:\/\/api.w.org\/{rel}","templated":true}]}}