{"id":8255,"date":"2022-12-13T15:46:32","date_gmt":"2022-12-13T18:46:32","guid":{"rendered":"https:\/\/cross.animaker.com.br\/?page_id=8255"},"modified":"2023-01-20T15:48:57","modified_gmt":"2023-01-20T18:48:57","slug":"siresp","status":"publish","type":"page","link":"https:\/\/cross.animaker.com.br\/?page_id=8255","title":{"rendered":"SIRESP"},"content":{"rendered":"<div class=\"container section-title-container\" ><h3 class=\"section-title section-title-normal\"><b aria-hidden=\"true\"><\/b><span class=\"section-title-main\" >O SISTEMA INFORMATIZADO DE REGULA\u00c7\u00c3O DO ESTADO DE S\u00c3O PAULO - SIRESP<\/span><b aria-hidden=\"true\"><\/b><\/h3><\/div>\n<p style=\"text-align: justify;\"><span style=\"font-weight: 400;\">O Sistema Informatizado de Regula\u00e7\u00e3o do Estado de S\u00e3o Paulo \u2013 SIRESP \u00e9 um sistema acessado via internet, desenvolvido para instrumentalizar o processo de regula\u00e7\u00e3o e de agendamentos unificados e automatizados dos recursos de sa\u00fade no estado de S\u00e3o Paulo, composto pelos seguintes m\u00f3dulos:<\/span><\/p>\n<div class=\"accordion\">\n\t<div id=\"accordion-101988806\" class=\"accordion-item\">\n\t\t<a id=\"accordion-101988806-label\" class=\"accordion-title plain\" href=\"#accordion-item-m\u00f3dulo-de-regula\u00e7\u00e3o-de-urg\u00eancias\" aria-expanded=\"false\" aria-controls=\"accordion-101988806-content\">\n\t\t\t<button class=\"toggle\" aria-label=\"Toggle\"><i class=\"icon-angle-down\" aria-hidden=\"true\"><\/i><\/button>\n\t\t\t<span>M\u00f3dulo de Regula\u00e7\u00e3o de Urg\u00eancias<\/span>\n\t\t<\/a>\n\t\t<div id=\"accordion-101988806-content\" class=\"accordion-inner\" aria-labelledby=\"accordion-101988806-label\">\n\t\t\t\n<p><span style=\"font-weight: 400;\">O m\u00f3dulo de Regula\u00e7\u00e3o de Urg\u00eancias permite que os estabelecimentos de sa\u00fade vinculados ao SUS solicitem recursos de urg\u00eancia n\u00e3o dispon\u00edveis no local do atendimento, visando a transfer\u00eancia de pacientes para estabelecimentos de sa\u00fade igualmente vinculados ao SUS, com estrutura e complexidade adequada \u00e0 necessidade de atendimento do paciente. <\/span><\/p>\n\t\t<\/div>\n\t<\/div>\n\t\n\t<div id=\"accordion-10510464\" class=\"accordion-item\">\n\t\t<a id=\"accordion-10510464-label\" class=\"accordion-title plain\" href=\"#accordion-item-m\u00f3dulo-de-regula\u00e7\u00e3o-ambulatorial\" aria-expanded=\"false\" aria-controls=\"accordion-10510464-content\">\n\t\t\t<button class=\"toggle\" aria-label=\"Toggle\"><i class=\"icon-angle-down\" aria-hidden=\"true\"><\/i><\/button>\n\t\t\t<span>M\u00f3dulo de Regula\u00e7\u00e3o Ambulatorial<\/span>\n\t\t<\/a>\n\t\t<div id=\"accordion-10510464-content\" class=\"accordion-inner\" aria-labelledby=\"accordion-10510464-label\">\n\t\t\t\n<p><span style=\"font-weight: 400;\">O m\u00f3dulo de Regula\u00e7\u00e3o Ambulatorial possibilita aos munic\u00edpios do estado de S\u00e3o Paulo a regula\u00e7\u00e3o e o agendamento de consultas ambulatoriais, exames, procedimentos e outros servi\u00e7os oferecidos, sob gest\u00e3o estadual e municipal, localizados no estado de S\u00e3o Paulo, por meio das unidades de sa\u00fade e\/ou centrais de regula\u00e7\u00e3o.\u00a0<\/span><\/p>\n<p><span style=\"font-weight: 400;\">Esses recursos s\u00e3o distribu\u00eddos e regulados de acordo com a pactua\u00e7\u00e3o e protocolos definidos pelos gestores regionais e municipais junto \u00e0 Secretaria de Estado da Sa\u00fade de S\u00e3o Paulo.<\/span><\/p>\n\t\t<\/div>\n\t<\/div>\n\t\n\t<div id=\"accordion-3961357685\" class=\"accordion-item\">\n\t\t<a id=\"accordion-3961357685-label\" class=\"accordion-title plain\" href=\"#accordion-item-m\u00f3dulo-de-regula\u00e7\u00e3o-pr\u00e9-hospitalar\" aria-expanded=\"false\" aria-controls=\"accordion-3961357685-content\">\n\t\t\t<button class=\"toggle\" aria-label=\"Toggle\"><i class=\"icon-angle-down\" aria-hidden=\"true\"><\/i><\/button>\n\t\t\t<span>M\u00f3dulo de Regula\u00e7\u00e3o Pr\u00e9-hospitalar<\/span>\n\t\t<\/a>\n\t\t<div id=\"accordion-3961357685-content\" class=\"accordion-inner\" aria-labelledby=\"accordion-3961357685-label\">\n\t\t\t\n<p><span style=\"font-weight: 400;\">O m\u00f3dulo de Regula\u00e7\u00e3o Pr\u00e9-hospitalar tem por finalidade realizar o acompanhamento di\u00e1rio das disponibilidades de servi\u00e7os de urg\u00eancia\/emerg\u00eancia das unidades hospitalares sob gest\u00e3o estadual ou municipal.<\/span><\/p>\n<p><span style=\"font-weight: 400;\">De posse dessa informa\u00e7\u00e3o, os servi\u00e7os de assist\u00eancia pr\u00e9-hospitalar m\u00f3vel podem direcionar e conduzir os pacientes que se encontram em situa\u00e7\u00e3o de urg\u00eancia e emerg\u00eancia para o recurso dispon\u00edvel mais pr\u00f3ximo para realizar atendimento.<\/span><\/p>\n\t\t<\/div>\n\t<\/div>\n\t\n\t<div id=\"accordion-85624164\" class=\"accordion-item\">\n\t\t<a id=\"accordion-85624164-label\" class=\"accordion-title plain\" href=\"#accordion-item-m\u00f3dulo-de-leitos-com-aih-e-leitos\" aria-expanded=\"false\" aria-controls=\"accordion-85624164-content\">\n\t\t\t<button class=\"toggle\" aria-label=\"Toggle\"><i class=\"icon-angle-down\" aria-hidden=\"true\"><\/i><\/button>\n\t\t\t<span>M\u00f3dulo de Leitos com AIH e Leitos<\/span>\n\t\t<\/a>\n\t\t<div id=\"accordion-85624164-content\" class=\"accordion-inner\" aria-labelledby=\"accordion-85624164-label\">\n\t\t\t\n<p><span style=\"font-weight: 400;\">O m\u00f3dulo de Regula\u00e7\u00e3o de Leitos com AIH (Autoriza\u00e7\u00e3o de Interna\u00e7\u00e3o Hospitalar) e Regula\u00e7\u00e3o de Leitos t\u00eam como objetivo realizar o processo de acompanhamento e\/ou controle das interna\u00e7\u00f5es e sa\u00eddas hospitalares dos estabelecimentos de sa\u00fade vinculados ao SUS, sob gest\u00e3o estadual ou municipal, bem como a emiss\u00e3o online das AIH, cuja autoriza\u00e7\u00e3o dar-se-\u00e1 atrav\u00e9s do gestor p\u00fablico.<\/span><\/p>\n\t\t<\/div>\n\t<\/div>\n\t\n\t<div id=\"accordion-556153705\" class=\"accordion-item\">\n\t\t<a id=\"accordion-556153705-label\" class=\"accordion-title plain\" href=\"#accordion-item-m\u00f3dulo-de-indicadores\" aria-expanded=\"false\" aria-controls=\"accordion-556153705-content\">\n\t\t\t<button class=\"toggle\" aria-label=\"Toggle\"><i class=\"icon-angle-down\" aria-hidden=\"true\"><\/i><\/button>\n\t\t\t<span>M\u00f3dulo de Indicadores<\/span>\n\t\t<\/a>\n\t\t<div id=\"accordion-556153705-content\" class=\"accordion-inner\" aria-labelledby=\"accordion-556153705-label\">\n\t\t\t\n<p>O m\u00f3dulo de indicadores tem como objetivo acompanhar o desempenho das unidades em rela\u00e7\u00e3o aos indicadores hospitalares estrat\u00e9gicos dos conv\u00eanios\/subven\u00e7\u00f5es e demais instrumentos demandados pela\u00a0Secretaria de Estado da Sa\u00fade.<\/p>\n\t\t<\/div>\n\t<\/div>\n\t\n<\/div>\n","protected":false},"excerpt":{"rendered":"<p>O Sistema Informatizado de Regula\u00e7\u00e3o do Estado de S\u00e3o Paulo \u2013 SIRESP \u00e9 um sistema acessado via internet, desenvolvido para instrumentalizar o processo de regula\u00e7\u00e3o e de agendamentos unificados e automatizados dos recursos de sa\u00fade no estado de S\u00e3o Paulo, composto pelos seguintes m\u00f3dulos:<\/p>\n","protected":false},"author":1,"featured_media":0,"parent":0,"menu_order":0,"comment_status":"closed","ping_status":"closed","template":"","meta":{"footnotes":""},"class_list":["post-8255","page","type-page","status-publish","hentry"],"_links":{"self":[{"href":"https:\/\/cross.animaker.com.br\/index.php?rest_route=\/wp\/v2\/pages\/8255","targetHints":{"allow":["GET"]}}],"collection":[{"href":"https:\/\/cross.animaker.com.br\/index.php?rest_route=\/wp\/v2\/pages"}],"about":[{"href":"https:\/\/cross.animaker.com.br\/index.php?rest_route=\/wp\/v2\/types\/page"}],"author":[{"embeddable":true,"href":"https:\/\/cross.animaker.com.br\/index.php?rest_route=\/wp\/v2\/users\/1"}],"replies":[{"embeddable":true,"href":"https:\/\/cross.animaker.com.br\/index.php?rest_route=%2Fwp%2Fv2%2Fcomments&post=8255"}],"version-history":[{"count":0,"href":"https:\/\/cross.animaker.com.br\/index.php?rest_route=\/wp\/v2\/pages\/8255\/revisions"}],"wp:attachment":[{"href":"https:\/\/cross.animaker.com.br\/index.php?rest_route=%2Fwp%2Fv2%2Fmedia&parent=8255"}],"curies":[{"name":"wp","href":"https:\/\/api.w.org\/{rel}","templated":true}]}}